{"id":2526,"date":"2022-01-06T17:05:06","date_gmt":"2022-01-06T16:05:06","guid":{"rendered":"https:\/\/new.iteca.fr\/?page_id=2526"},"modified":"2022-06-07T12:07:05","modified_gmt":"2022-06-07T10:07:05","slug":"etancheite-de-fours","status":"publish","type":"page","link":"https:\/\/www.iteca.fr\/fr\/gammes-de-produits\/etancheite-de-fours\/","title":{"rendered":"\u00c9tanch\u00e9it\u00e9 de fours"},"content":{"rendered":"<div class=\"wpb-content-wrapper\"><p>[vc_row disable_element=\u00a0\u00bbyes\u00a0\u00bb][vc_column][vc_column_text]<\/p>\n<div class=\"styled-subtitle\" style=\"text-align: center;\">\n<p><span style=\"color: #1d1d1b;\">Une \u00e9tanch\u00e9it\u00e9 efficace de votre\u00a0<strong>four rotatif<\/strong>\u00a0(calcinateur ou s\u00e9cheur)\u00a0<strong>stabilise votre process<\/strong>,\u00a0<strong>r\u00e9duit la consommation de combustible<\/strong>\u00a0et contribue ainsi \u00e0 la\u00a0<strong>baisse des \u00e9missions de CO2<\/strong>\u00a0de votre usine.<\/span><\/p>\n<p><span style=\"color: #1d1d1b;\">Nos solutions de joints amont et aval r\u00e9pondent \u00e0 toutes ces exigences et permettent un\u00a0<strong>retour sur investissement rapide et durable.<\/strong><\/span><\/p>\n<\/div>\n<p>[\/vc_column_text][vc_empty_space height=\u00a0\u00bb80px\u00a0\u00bb][\/vc_column][\/vc_row][vc_row full_width=\u00a0\u00bbstretch_row\u00a0\u00bb css=\u00a0\u00bb.vc_custom_1654243789196{padding-top: 50px !important;padding-bottom: 50px !important;}\u00a0\u00bb el_id=\u00a0\u00bbliste-produits\u00a0\u00bb][vc_column]<style>.portfolio.portfolio-grid#style-0960eb1 .portfolio-item:not(.size-item), .preloader#style-preloader-0960eb1 .portfolio-item { padding: calc(40px\/2) !important; }.portfolio.portfolio-grid#style-0960eb1 .portfolio-item.size-item { padding: 0 calc(40px\/2) !important; }.portfolio.portfolio-grid#style-0960eb1 .portfolio-row, .preloader#style-preloader-0960eb1 .skeleton-posts.portfolio-row { margin: calc(-40px\/2); }.portfolio.portfolio-grid#style-0960eb1.fullwidth-columns .portfolio-row { margin: calc(-40px\/2) 0; }.portfolio.portfolio-grid#style-0960eb1 .fullwidth-block:not(.no-paddings) { padding-left: 40px; padding-right: 40px; }.portfolio.portfolio-grid#style-0960eb1 .fullwidth-block .portfolio-row { padding-left: calc(40px\/2); padding-right: calc(40px\/2); }.portfolio.portfolio-grid#style-0960eb1 .fullwidth-block .portfolio-top-panel { padding-left: 40px; padding-right: 40px; }.portfolio.portfolio-grid#style-0960eb1.fullwidth-columns .with-filter-sidebar .filter-sidebar { padding-left: 40px; }.portfolio.portfolio-grid#style-0960eb1 .portfolio-item .caption { background-color: #f4f6f7 !important; }.portfolio.portfolio-grid#style-0960eb1 .portfolio-item .caption .title span { letter-spacing: px !important; }<\/style><style>.portfolio.portfolio-grid#style-0960eb1 .portfolio-filters { text-align: center; }<\/style><div id=\"style-preloader-0960eb1\" class=\"preloader save-space\"><div class=\"preloader-spin\"><\/div><\/div> <div class=\"portfolio-preloader-wrapper panel-sidebar-position-left\"> <div class=\"portfolio portfolio-grid extended-portfolio-grid no-padding portfolio-pagination-normal portfolio-style-justified background-style-white title-style-light hover-default title-on-page hover-elements-size-default version-default caption-position-page loading-animation item-animation-move-up columns-2 columns-tablet-2 columns-mobile-1 next-page-preloading \" id=\"style-0960eb1\" data-style-uid=\"0960eb1\" data-portfolio-uid=\"grid_b7bac21\" data-current-page=\"1\" data-per-page=\"30\" data-next-page=\"0\" data-pages-count=\"1\" data-hover=\"default\" data-portfolio-filter=\"[]\" data-portfolio-filter-attributes=\"null\" data-portfolio-filter-search=\"\"> <div class=\"portfolio-row-outer \"> <div class=\"portfolio-top-panel selected-only\"> <div class=\"portfolio-filter-item portfolio-selected-filters left\"> <div class=\"portfolio-selected-filter-item clear-filters\"> Clear Filters\t<\/div> <\/div> <\/div> <div class=\"row portfolio-row\"> <div class=\"portfolio-set clearfix\" data-max-row-height=\"0\"> <div class=\"portfolio-item etancheite-de-fours produits-associes-ciment produits-associes-mineraux produits-associes-vrac-solide col-xs-12 col-sm-6 col-md-6 item-animations-not-inited portfolio-item-template appearance-type-featured_image post-2536 thegem_pf_item type-thegem_pf_item status-publish\" data-default-sort=\"20\" data-sort-date=\"1642609851\"> <div class=\"wrap clearfix\"> <div class=\"image post-2536 thegem_pf_item type-thegem_pf_item status-publish\"> <div class=\"image-inner without-image\"> <picture> <img src=\"https:\/\/www.iteca.fr\/wp-content\/uploads\/2026\/04\/transparent-thegem-product-justified-square-xl.png\" width=\"700\" height=\"700\" class=\"attachment-thegem-product-justified-square-xl\" alt=\"Joint amont de four JIN\" \/> <\/picture> <\/div> <div class=\"overlay \"> <div class=\"overlay-circle\"><\/div> <div class=\"links-wrapper\"> <div class=\"links\"> <div class=\"portfolio-icons\"> <a href=\"https:\/\/www.iteca.fr\/fr\/pf\/joint-amont-de-four-jin\/\" target=\"_self\" class=\"icon self-link \" data-elementor-open-lightbox=\"no\" aria-label=\"Joint amont de four JIN\"> <i class=\"default\"><\/i> <\/a> <div class=\"overlay-line\"><\/div> <\/div> <\/div> <\/div> <\/div> <\/div> <div class=\"caption post-2536 thegem_pf_item type-thegem_pf_item status-publish\"> <div class=\"title\"> <span class=\" \"> Joint amont de four JIN <\/span> <\/div> <div class=\"caption-separator\"><\/div> <div class=\"subtitle\"> <span class=\"\"><p>JIN<\/p>\n<\/span> <\/div> <\/div> <\/div> <\/div> <div class=\"portfolio-item etancheite-de-fours produits-associes-ciment produits-associes-vrac-solide col-xs-12 col-sm-6 col-md-6 item-animations-not-inited portfolio-item-template appearance-type-featured_image post-2537 thegem_pf_item type-thegem_pf_item status-publish has-post-thumbnail\" data-default-sort=\"21\" data-sort-date=\"1642606460\"> <div class=\"wrap clearfix\"> <div class=\"image post-2537 thegem_pf_item type-thegem_pf_item status-publish has-post-thumbnail\"> <div class=\"image-inner \"> <picture> <source srcset=\"https:\/\/www.iteca.fr\/wp-content\/uploads\/2022\/01\/ITECA_departement-ciment_joints-de-four-thegem-product-justified-square-xl.jpg 1x\" sizes=\"100vw\"> <img src=\"https:\/\/www.iteca.fr\/wp-content\/uploads\/2022\/01\/ITECA_departement-ciment_joints-de-four-thegem-product-justified-square-xl.jpg\" width=\"700\" height=\"700\" class=\"attachment-thegem-product-justified-square-xl\" alt=\"Joint aval de four JNR\" \/> <\/picture> <\/div> <div class=\"overlay \"> <div class=\"overlay-circle\"><\/div> <div class=\"links-wrapper\"> <div class=\"links\"> <div class=\"portfolio-icons\"> <a href=\"https:\/\/www.iteca.fr\/fr\/pf\/joint-aval-de-four-jnr\/\" target=\"_self\" class=\"icon self-link \" data-elementor-open-lightbox=\"no\" aria-label=\"Joint aval de four JNR\"> <i class=\"default\"><\/i> <\/a> <div class=\"overlay-line\"><\/div> <\/div> <\/div> <\/div> <\/div> <\/div> <div class=\"caption post-2537 thegem_pf_item type-thegem_pf_item status-publish has-post-thumbnail\"> <div class=\"title\"> <span class=\" \"> Joint aval de four JNR <\/span> <\/div> <div class=\"caption-separator\"><\/div> <div class=\"subtitle\"> <span class=\"\"><p>JNR<\/p>\n<\/span> <\/div> <\/div> <\/div> <\/div> <\/div><!-- .portflio-set --> <div class=\"portfolio-item-size-container\"> <div class=\"portfolio-item col-xs-12 col-sm-6 col-md-6 item-animations-not-inited portfolio-item-template appearance-type-featured_image post-2537 thegem_pf_item type-thegem_pf_item status-publish has-post-thumbnail\"> <\/div> <\/div> <\/div><!-- .row--> <div class=\"portfolio-navigator gem-pagination\" style=\"display:none;\"> <a href=\"#\" role=\"button\" class=\"prev\" aria-label=\"Pr\u00e9c\u00e9dent\"> <i class=\"default\"><\/i> <\/a> <div class=\"pages\"><\/div> <a href=\"#\" role=\"button\" class=\"next\" aria-label=\"Suivant\"> <i class=\"default\"><\/i> <\/a> <\/div> <\/div><!-- .full-width --> <\/div><!-- .portfolio--> <\/div><!-- .portfolio-preloader-wrapper-->[\/vc_column][\/vc_row][vc_row full_width=\u00a0\u00bbstretch_row\u00a0\u00bb css=\u00a0\u00bb.vc_custom_1654243795430{padding-top: 50px !important;padding-bottom: 50px !important;}\u00a0\u00bb el_id=\u00a0\u00bbliste-produits-ie11&Prime;][vc_column][vc_basic_grid post_type=\u00a0\u00bbids\u00a0\u00bb element_width=\u00a0\u00bb6&Prime; item=\u00a0\u00bbtheGem_basicGrid_2&Prime; grid_id=\u00a0\u00bbvc_gid:1654243850521-d84c81a7-fd85-1&Prime; include=\u00a0\u00bb2536, 2537&Prime;][\/vc_column][\/vc_row]<\/p>\n<\/div>","protected":false},"excerpt":{"rendered":"<p>[vc_row disable_element=\u00a0\u00bbyes\u00a0\u00bb][vc_column][vc_column_text] Une \u00e9tanch\u00e9it\u00e9 efficace de votre\u00a0four rotatif\u00a0(calcinateur ou s\u00e9cheur)\u00a0stabilise votre process,\u00a0r\u00e9duit la consommation de combustible\u00a0et contribue ainsi \u00e0 la\u00a0baisse&#8230;<\/p>\n","protected":false},"author":2,"featured_media":0,"parent":1338,"menu_order":4,"comment_status":"closed","ping_status":"closed","template":"","meta":{"footnotes":""},"class_list":["post-2526","page","type-page","status-publish"],"yoast_head":"<!-- This site is optimized with the Yoast SEO plugin v26.6 - https:\/\/yoast.com\/wordpress\/plugins\/seo\/ -->\n<title>\u00c9tanch\u00e9it\u00e9 de fours - ITECA SOCADEI<\/title>\n<meta name=\"robots\" content=\"index, follow, max-snippet:-1, max-image-preview:large, max-video-preview:-1\" \/>\n<link rel=\"canonical\" href=\"https:\/\/www.iteca.fr\/fr\/gammes-de-produits\/etancheite-de-fours\/\" \/>\n<meta property=\"og:locale\" content=\"fr_FR\" \/>\n<meta property=\"og:type\" content=\"article\" \/>\n<meta property=\"og:title\" content=\"\u00c9tanch\u00e9it\u00e9 de fours - ITECA SOCADEI\" \/>\n<meta property=\"og:description\" content=\"[vc_row disable_element=\u00a0\u00bbyes\u00a0\u00bb][vc_column][vc_column_text] Une \u00e9tanch\u00e9it\u00e9 efficace de votre\u00a0four rotatif\u00a0(calcinateur ou s\u00e9cheur)\u00a0stabilise votre process,\u00a0r\u00e9duit la consommation de combustible\u00a0et contribue ainsi \u00e0 la\u00a0baisse...\" \/>\n<meta property=\"og:url\" content=\"https:\/\/www.iteca.fr\/fr\/gammes-de-produits\/etancheite-de-fours\/\" \/>\n<meta property=\"og:site_name\" content=\"ITECA SOCADEI\" \/>\n<meta property=\"article:modified_time\" content=\"2022-06-07T10:07:05+00:00\" \/>\n<meta name=\"twitter:card\" content=\"summary_large_image\" \/>\n<meta name=\"twitter:label1\" content=\"Dur\u00e9e de lecture estim\u00e9e\" \/>\n\t<meta name=\"twitter:data1\" content=\"1 minute\" \/>\n<script type=\"application\/ld+json\" class=\"yoast-schema-graph\">{\"@context\":\"https:\/\/schema.org\",\"@graph\":[{\"@type\":\"WebPage\",\"@id\":\"https:\/\/www.iteca.fr\/fr\/gammes-de-produits\/etancheite-de-fours\/\",\"url\":\"https:\/\/www.iteca.fr\/fr\/gammes-de-produits\/etancheite-de-fours\/\",\"name\":\"\u00c9tanch\u00e9it\u00e9 de fours - ITECA SOCADEI\",\"isPartOf\":{\"@id\":\"https:\/\/www.iteca.fr\/fr\/#website\"},\"datePublished\":\"2022-01-06T16:05:06+00:00\",\"dateModified\":\"2022-06-07T10:07:05+00:00\",\"breadcrumb\":{\"@id\":\"https:\/\/www.iteca.fr\/fr\/gammes-de-produits\/etancheite-de-fours\/#breadcrumb\"},\"inLanguage\":\"fr-FR\",\"potentialAction\":[{\"@type\":\"ReadAction\",\"target\":[\"https:\/\/www.iteca.fr\/fr\/gammes-de-produits\/etancheite-de-fours\/\"]}]},{\"@type\":\"BreadcrumbList\",\"@id\":\"https:\/\/www.iteca.fr\/fr\/gammes-de-produits\/etancheite-de-fours\/#breadcrumb\",\"itemListElement\":[{\"@type\":\"ListItem\",\"position\":1,\"name\":\"Accueil\",\"item\":\"https:\/\/www.iteca.fr\/fr\/\"},{\"@type\":\"ListItem\",\"position\":2,\"name\":\"Gammes de produits\",\"item\":\"https:\/\/www.iteca.fr\/fr\/gammes-de-produits\/\"},{\"@type\":\"ListItem\",\"position\":3,\"name\":\"\u00c9tanch\u00e9it\u00e9 de fours\"}]},{\"@type\":\"WebSite\",\"@id\":\"https:\/\/www.iteca.fr\/fr\/#website\",\"url\":\"https:\/\/www.iteca.fr\/fr\/\",\"name\":\"ITECA SOCADEI\",\"description\":\"Vos process, nos solutions\",\"potentialAction\":[{\"@type\":\"SearchAction\",\"target\":{\"@type\":\"EntryPoint\",\"urlTemplate\":\"https:\/\/www.iteca.fr\/fr\/?s={search_term_string}\"},\"query-input\":{\"@type\":\"PropertyValueSpecification\",\"valueRequired\":true,\"valueName\":\"search_term_string\"}}],\"inLanguage\":\"fr-FR\"}]}<\/script>\n<!-- \/ Yoast SEO plugin. -->","yoast_head_json":{"title":"\u00c9tanch\u00e9it\u00e9 de fours - ITECA SOCADEI","robots":{"index":"index","follow":"follow","max-snippet":"max-snippet:-1","max-image-preview":"max-image-preview:large","max-video-preview":"max-video-preview:-1"},"canonical":"https:\/\/www.iteca.fr\/fr\/gammes-de-produits\/etancheite-de-fours\/","og_locale":"fr_FR","og_type":"article","og_title":"\u00c9tanch\u00e9it\u00e9 de fours - ITECA SOCADEI","og_description":"[vc_row disable_element=\u00a0\u00bbyes\u00a0\u00bb][vc_column][vc_column_text] Une \u00e9tanch\u00e9it\u00e9 efficace de votre\u00a0four rotatif\u00a0(calcinateur ou s\u00e9cheur)\u00a0stabilise votre process,\u00a0r\u00e9duit la consommation de combustible\u00a0et contribue ainsi \u00e0 la\u00a0baisse...","og_url":"https:\/\/www.iteca.fr\/fr\/gammes-de-produits\/etancheite-de-fours\/","og_site_name":"ITECA SOCADEI","article_modified_time":"2022-06-07T10:07:05+00:00","twitter_card":"summary_large_image","twitter_misc":{"Dur\u00e9e de lecture estim\u00e9e":"1 minute"},"schema":{"@context":"https:\/\/schema.org","@graph":[{"@type":"WebPage","@id":"https:\/\/www.iteca.fr\/fr\/gammes-de-produits\/etancheite-de-fours\/","url":"https:\/\/www.iteca.fr\/fr\/gammes-de-produits\/etancheite-de-fours\/","name":"\u00c9tanch\u00e9it\u00e9 de fours - ITECA SOCADEI","isPartOf":{"@id":"https:\/\/www.iteca.fr\/fr\/#website"},"datePublished":"2022-01-06T16:05:06+00:00","dateModified":"2022-06-07T10:07:05+00:00","breadcrumb":{"@id":"https:\/\/www.iteca.fr\/fr\/gammes-de-produits\/etancheite-de-fours\/#breadcrumb"},"inLanguage":"fr-FR","potentialAction":[{"@type":"ReadAction","target":["https:\/\/www.iteca.fr\/fr\/gammes-de-produits\/etancheite-de-fours\/"]}]},{"@type":"BreadcrumbList","@id":"https:\/\/www.iteca.fr\/fr\/gammes-de-produits\/etancheite-de-fours\/#breadcrumb","itemListElement":[{"@type":"ListItem","position":1,"name":"Accueil","item":"https:\/\/www.iteca.fr\/fr\/"},{"@type":"ListItem","position":2,"name":"Gammes de produits","item":"https:\/\/www.iteca.fr\/fr\/gammes-de-produits\/"},{"@type":"ListItem","position":3,"name":"\u00c9tanch\u00e9it\u00e9 de fours"}]},{"@type":"WebSite","@id":"https:\/\/www.iteca.fr\/fr\/#website","url":"https:\/\/www.iteca.fr\/fr\/","name":"ITECA SOCADEI","description":"Vos process, nos solutions","potentialAction":[{"@type":"SearchAction","target":{"@type":"EntryPoint","urlTemplate":"https:\/\/www.iteca.fr\/fr\/?s={search_term_string}"},"query-input":{"@type":"PropertyValueSpecification","valueRequired":true,"valueName":"search_term_string"}}],"inLanguage":"fr-FR"}]}},"publishpress_future_workflow_manual_trigger":{"enabledWorkflows":[]},"_links":{"self":[{"href":"https:\/\/www.iteca.fr\/fr\/wp-json\/wp\/v2\/pages\/2526","targetHints":{"allow":["GET"]}}],"collection":[{"href":"https:\/\/www.iteca.fr\/fr\/wp-json\/wp\/v2\/pages"}],"about":[{"href":"https:\/\/www.iteca.fr\/fr\/wp-json\/wp\/v2\/types\/page"}],"author":[{"embeddable":true,"href":"https:\/\/www.iteca.fr\/fr\/wp-json\/wp\/v2\/users\/2"}],"replies":[{"embeddable":true,"href":"https:\/\/www.iteca.fr\/fr\/wp-json\/wp\/v2\/comments?post=2526"}],"version-history":[{"count":8,"href":"https:\/\/www.iteca.fr\/fr\/wp-json\/wp\/v2\/pages\/2526\/revisions"}],"predecessor-version":[{"id":25084,"href":"https:\/\/www.iteca.fr\/fr\/wp-json\/wp\/v2\/pages\/2526\/revisions\/25084"}],"up":[{"embeddable":true,"href":"https:\/\/www.iteca.fr\/fr\/wp-json\/wp\/v2\/pages\/1338"}],"wp:attachment":[{"href":"https:\/\/www.iteca.fr\/fr\/wp-json\/wp\/v2\/media?parent=2526"}],"curies":[{"name":"wp","href":"https:\/\/api.w.org\/{rel}","templated":true}]}}