{"id":24336,"date":"2022-02-17T16:01:32","date_gmt":"2022-02-17T15:01:32","guid":{"rendered":"https:\/\/new.iteca.fr\/?page_id=24336"},"modified":"2022-02-17T16:02:56","modified_gmt":"2022-02-17T15:02:56","slug":"politique-de-confidentialite","status":"publish","type":"page","link":"https:\/\/www.iteca.fr\/fr\/politique-de-confidentialite\/","title":{"rendered":"Politique de confidentialit\u00e9"},"content":{"rendered":"<div class=\"wpb-content-wrapper\"><p>[vc_row][vc_column][vc_column_text]Bienvenue sur le site Web <a href=\"https:\/\/iteca.fr\">iteca.fr<\/a><\/p>\n<p>ITECA SOCADEI SAS accorde une grande importance \u00e0 la protection des donn\u00e9es personnelles. Celle-ci a pour objectif de vous tenir inform\u00e9s des informations recueillis \u00e0 votre sujet et de la fa\u00e7on dont elles sont utilis\u00e9es.<\/p>\n<p>La D\u00e9claration de confidentialit\u00e9 \u00e9tant susceptible d\u2019\u00eatre mise \u00e0 jour, nous vous recommandons de vous y reporter r\u00e9guli\u00e8rement. En utilisant notre site internet, vous acceptez les conditions \u00e9nonc\u00e9es dans cette D\u00e9claration de confidentialit\u00e9 telle qu\u2019elles vous sont pr\u00e9cis\u00e9es et d\u00e9crites ci-apr\u00e8s.<\/p>\n<div class=\"title-h2 no-padding\">Le Responsable du traitement de vos donn\u00e9es \u00e0 caract\u00e8re personnel<\/div>\n<p>La soci\u00e9t\u00e9 ITECA SOCADEI, 445 rue Denis Papin Europole de l&rsquo;Arbois 13100 Aix en Provence, agit en tant que responsable du traitement de toute donn\u00e9es \u00e0 caract\u00e8re personnel que vous nous remettrez dans le cadre de notre relation commerciale.<\/p>\n<div class=\"title-h2 no-padding\">Les donn\u00e9es \u00e0 caract\u00e8re personnel collect\u00e9es<\/div>\n<p>Sauf si nous en convenons mutuellement le contraire, nous ne collectons que les donn\u00e9es \u00e0 caract\u00e8re personnel de base qui se r\u00e9v\u00e8lent n\u00e9cessaires dans le cadre de notre relation commerciale. Il s\u2019agit notamment des informations permettant de vous contacter (comme votre nom et votre fonction, votre adresse, votre num\u00e9ro de t\u00e9l\u00e9phone et votre adresse e-mail). Lors de nos \u00e9changes \u00e9conomiques, nous sommes \u00e9galement susceptibles de collecter des donn\u00e9es de nature commerciale qui vous concernent et qui peuvent comprendre notamment des informations relatives \u00e0 vos achats, aux services que vous nous fournissons et \u00e0 vos autres activit\u00e9s commerciales, vos commentaires sur des produits ainsi que toute autre information que vous pourriez nous fournir.<\/p>\n<p>Si vous \u00eates un <strong>particulier<\/strong>, l\u2019utilisation, la cession et l\u2019\u00e9change \u00e9ventuel de vos donn\u00e9es personnelles \u00e0 des fins de prospection commerciale, sont fond\u00e9s sur votre consentement libre, \u00e9clair\u00e9 et explicite. Le consentement peut \u00eatre retir\u00e9 sans frais en vous adressant \u00e0 ITECA SOCADEI, service ADV 445 rue Denis Papin Europole de l&rsquo;Arbois 13100 Aix en Provence ou \u00e0 l\u2019adresse mail <a href=\"mailto:info@iteca.fr\">info@iteca.fr<\/a>.<\/p>\n<p>Si vous \u00eates un <strong>professionnel<\/strong>, l\u2019utilisation, la cession et l\u2019\u00e9change \u00e9ventuel de vos donn\u00e9es personnelles \u00e0 des fins de prospection commerciale, sont fond\u00e9s sur l\u2019int\u00e9r\u00eat l\u00e9gitime que nous avons \u00e0 mettre en \u0153uvre une prospection commerciale entre acteurs professionnels.<\/p>\n<p>Nous utilisons vos donn\u00e9es \u00e0 caract\u00e8re personnel afin de vous fournir nos produits et nos services. Pour ce faire, nous conservons un historique de la relation commerciale qui nous lie et nous g\u00e9rons votre compte. Nous pouvons \u00e9galement vous contacter \u00e0 des fins d\u2019assistance ou de fourniture de service ou pour vous informer sur nos produits et services. Si vous ne nous remettez pas vos informations personnelles, nous nous retrouverons dans l\u2019impossibilit\u00e9 de vous fournir les produits ou services que vous nous demandez.<\/p>\n<p>Nous traitons \u00e9galement vos donn\u00e9es \u00e0 caract\u00e8re personnel lorsque nous sommes tenus de le faire en vertu d\u2019une loi (p. ex., pour tenir des registres de vente \u00e0 des fins fiscales) ou lorsque vous nous avez express\u00e9ment autoris\u00e9s \u00e0 le faire.<\/p>\n<div class=\"title-h2 no-padding\">Stockage de vos donn\u00e9es personnelles<\/div>\n<p>Nous stockons et traitons vos donn\u00e9es \u00e0 caract\u00e8re personnel exclusivement au sein de l\u2019Union europ\u00e9enne.<\/p>\n<p>Sauf en cas d&rsquo;obligation l\u00e9gale nous partageons vos donn\u00e9es \u00e0 caract\u00e8re personnel exclusivement au sein d&rsquo;ITECA SOCADEI.<\/p>\n<p>Nous nous engageons \u00e0 assurer la s\u00e9curit\u00e9 de vos donn\u00e9es personnelles. Nous prenons des mesures de s\u00e9curit\u00e9 techniques et organisationnelles pour emp\u00eacher la perte, la modification ou l\u2019acc\u00e8s non autoris\u00e9 \u00e0 vos donn\u00e9es personnelles.<\/p>\n<div class=\"title-h2 no-padding\">Dur\u00e9e de conservation des donn\u00e9es<\/div>\n<p>Vos donn\u00e9es personnelles sont conserv\u00e9es le temps de vous fournir les services, produits ou informations que nous nous avez demand\u00e9s et de g\u00e9rer la relation commerciale qui nous lie. Vos donn\u00e9es seront conserv\u00e9es pendant une dur\u00e9e maximale de 3 ans \u00e0 compter du dernier contact entre vous et ITECA SOCADEI. Une fois cette dur\u00e9e pass\u00e9e, vos donn\u00e9es seront supprim\u00e9es ou archiv\u00e9es conform\u00e9ment aux r\u00e8gles l\u00e9gales applicables.<\/p>\n<div class=\"title-h2 no-padding\">Vos droits<\/div>\n<p>Conform\u00e9ment au R\u00e8glement de l\u2019UE sur la protection des donn\u00e9es, vous disposez d\u2019un droit d\u2019acc\u00e8s, de rectification et d\u2019effacement en ce qui concerne vos donn\u00e9es \u00e0 caract\u00e8re personnel. En outre, vous \u00eates en droit de demander la restriction du traitement qui vous concerne et de vous opposer au traitement de vos donn\u00e9es. Vous b\u00e9n\u00e9ficiez \u00e9galement du droit \u00e0 la portabilit\u00e9 de vos donn\u00e9es. Si vous souhaitez transf\u00e9rer vos donn\u00e9es \u00e0 caract\u00e8re personnel, nous vous remettrons gratuitement sous un format portable et lisible par machine les donn\u00e9es \u00e0 caract\u00e8re personnel que vous nous avez fournies et qui ont \u00e9t\u00e9 trait\u00e9es par des moyens automatis\u00e9s.<\/p>\n<p>\u00c0 ce titre, vous disposez notamment du droit de demander une copie des donn\u00e9es \u00e0 caract\u00e8re personnel que nous d\u00e9tenons \u00e0 votre sujet.<br \/>\nDans la mesure o\u00f9 nous souhaitons nous assurer que vos donn\u00e9es \u00e0 caract\u00e8re personnel sont exactes et \u00e0 jour, vous pouvez \u00e9galement nous demander de corriger ou de supprimer toute information que vous pensez \u00eatre inexacte.<\/p>\n<p>Pour formuler toute demande au sujet de vos donn\u00e9es personnelles, vous pouvez nous contacter \u00e0 l&rsquo;adresse <a href=\"mailto:info@iteca.fr\">info@iteca.fr<\/a> en nous pr\u00e9cisant l&rsquo;objet de votre demande, votre identit\u00e9 et votre adresse e-mail.<\/p>\n<div class=\"title-h2 no-padding\">\u00c9volution de la pr\u00e9sente d\u00e9claration<\/div>\n<p>La pr\u00e9sente D\u00e9claration de Confidentialit\u00e9 des Donn\u00e9es a \u00e9t\u00e9 mise \u00e0 jour en juin 2018. Nous pouvons y apporter des modifications de fa\u00e7on ponctuelle ou la modifier au besoin afin de nous conformer \u00e0 toute loi sur la protection des donn\u00e9es applicable. Vous pouvez par cons\u00e9quent souhaiter la passer de nouveau en revue de fa\u00e7on ponctuelle. Toute modification apport\u00e9e \u00e0 une quelconque disposition de la D\u00e9claration de Confidentialit\u00e9 des Donn\u00e9es s\u2019appliquera \u00e0 compter de la date de sa publication sur notre site Internet.[\/vc_column_text][\/vc_column][\/vc_row]<\/p>\n<\/div>","protected":false},"excerpt":{"rendered":"<p>[vc_row][vc_column][vc_column_text]Bienvenue sur le site Web iteca.fr ITECA SOCADEI SAS accorde une grande importance \u00e0 la protection des donn\u00e9es personnelles. Celle-ci&#8230;<\/p>\n","protected":false},"author":2,"featured_media":0,"parent":0,"menu_order":10,"comment_status":"closed","ping_status":"closed","template":"","meta":{"footnotes":""},"class_list":["post-24336","page","type-page","status-publish"],"yoast_head":"<!-- This site is optimized with the Yoast SEO plugin v26.6 - https:\/\/yoast.com\/wordpress\/plugins\/seo\/ -->\n<title>Politique de confidentialit\u00e9 - ITECA SOCADEI<\/title>\n<meta name=\"robots\" content=\"index, follow, max-snippet:-1, max-image-preview:large, max-video-preview:-1\" \/>\n<link rel=\"canonical\" href=\"https:\/\/www.iteca.fr\/fr\/politique-de-confidentialite\/\" \/>\n<meta property=\"og:locale\" content=\"fr_FR\" \/>\n<meta property=\"og:type\" content=\"article\" \/>\n<meta property=\"og:title\" content=\"Politique de confidentialit\u00e9 - ITECA SOCADEI\" \/>\n<meta property=\"og:description\" content=\"[vc_row][vc_column][vc_column_text]Bienvenue sur le site Web iteca.fr ITECA SOCADEI SAS accorde une grande importance \u00e0 la protection des donn\u00e9es personnelles. Celle-ci...\" \/>\n<meta property=\"og:url\" content=\"https:\/\/www.iteca.fr\/fr\/politique-de-confidentialite\/\" \/>\n<meta property=\"og:site_name\" content=\"ITECA SOCADEI\" \/>\n<meta property=\"article:modified_time\" content=\"2022-02-17T15:02:56+00:00\" \/>\n<meta name=\"twitter:card\" content=\"summary_large_image\" \/>\n<meta name=\"twitter:label1\" content=\"Dur\u00e9e de lecture estim\u00e9e\" \/>\n\t<meta name=\"twitter:data1\" content=\"5 minutes\" \/>\n<script type=\"application\/ld+json\" class=\"yoast-schema-graph\">{\"@context\":\"https:\/\/schema.org\",\"@graph\":[{\"@type\":\"WebPage\",\"@id\":\"https:\/\/www.iteca.fr\/fr\/politique-de-confidentialite\/\",\"url\":\"https:\/\/www.iteca.fr\/fr\/politique-de-confidentialite\/\",\"name\":\"Politique de confidentialit\u00e9 - ITECA SOCADEI\",\"isPartOf\":{\"@id\":\"https:\/\/www.iteca.fr\/fr\/#website\"},\"datePublished\":\"2022-02-17T15:01:32+00:00\",\"dateModified\":\"2022-02-17T15:02:56+00:00\",\"breadcrumb\":{\"@id\":\"https:\/\/www.iteca.fr\/fr\/politique-de-confidentialite\/#breadcrumb\"},\"inLanguage\":\"fr-FR\",\"potentialAction\":[{\"@type\":\"ReadAction\",\"target\":[\"https:\/\/www.iteca.fr\/fr\/politique-de-confidentialite\/\"]}]},{\"@type\":\"BreadcrumbList\",\"@id\":\"https:\/\/www.iteca.fr\/fr\/politique-de-confidentialite\/#breadcrumb\",\"itemListElement\":[{\"@type\":\"ListItem\",\"position\":1,\"name\":\"Accueil\",\"item\":\"https:\/\/www.iteca.fr\/fr\/\"},{\"@type\":\"ListItem\",\"position\":2,\"name\":\"Politique de confidentialit\u00e9\"}]},{\"@type\":\"WebSite\",\"@id\":\"https:\/\/www.iteca.fr\/fr\/#website\",\"url\":\"https:\/\/www.iteca.fr\/fr\/\",\"name\":\"ITECA SOCADEI\",\"description\":\"Vos process, nos solutions\",\"potentialAction\":[{\"@type\":\"SearchAction\",\"target\":{\"@type\":\"EntryPoint\",\"urlTemplate\":\"https:\/\/www.iteca.fr\/fr\/?s={search_term_string}\"},\"query-input\":{\"@type\":\"PropertyValueSpecification\",\"valueRequired\":true,\"valueName\":\"search_term_string\"}}],\"inLanguage\":\"fr-FR\"}]}<\/script>\n<!-- \/ Yoast SEO plugin. -->","yoast_head_json":{"title":"Politique de confidentialit\u00e9 - ITECA SOCADEI","robots":{"index":"index","follow":"follow","max-snippet":"max-snippet:-1","max-image-preview":"max-image-preview:large","max-video-preview":"max-video-preview:-1"},"canonical":"https:\/\/www.iteca.fr\/fr\/politique-de-confidentialite\/","og_locale":"fr_FR","og_type":"article","og_title":"Politique de confidentialit\u00e9 - ITECA SOCADEI","og_description":"[vc_row][vc_column][vc_column_text]Bienvenue sur le site Web iteca.fr ITECA SOCADEI SAS accorde une grande importance \u00e0 la protection des donn\u00e9es personnelles. Celle-ci...","og_url":"https:\/\/www.iteca.fr\/fr\/politique-de-confidentialite\/","og_site_name":"ITECA SOCADEI","article_modified_time":"2022-02-17T15:02:56+00:00","twitter_card":"summary_large_image","twitter_misc":{"Dur\u00e9e de lecture estim\u00e9e":"5 minutes"},"schema":{"@context":"https:\/\/schema.org","@graph":[{"@type":"WebPage","@id":"https:\/\/www.iteca.fr\/fr\/politique-de-confidentialite\/","url":"https:\/\/www.iteca.fr\/fr\/politique-de-confidentialite\/","name":"Politique de confidentialit\u00e9 - ITECA SOCADEI","isPartOf":{"@id":"https:\/\/www.iteca.fr\/fr\/#website"},"datePublished":"2022-02-17T15:01:32+00:00","dateModified":"2022-02-17T15:02:56+00:00","breadcrumb":{"@id":"https:\/\/www.iteca.fr\/fr\/politique-de-confidentialite\/#breadcrumb"},"inLanguage":"fr-FR","potentialAction":[{"@type":"ReadAction","target":["https:\/\/www.iteca.fr\/fr\/politique-de-confidentialite\/"]}]},{"@type":"BreadcrumbList","@id":"https:\/\/www.iteca.fr\/fr\/politique-de-confidentialite\/#breadcrumb","itemListElement":[{"@type":"ListItem","position":1,"name":"Accueil","item":"https:\/\/www.iteca.fr\/fr\/"},{"@type":"ListItem","position":2,"name":"Politique de confidentialit\u00e9"}]},{"@type":"WebSite","@id":"https:\/\/www.iteca.fr\/fr\/#website","url":"https:\/\/www.iteca.fr\/fr\/","name":"ITECA SOCADEI","description":"Vos process, nos solutions","potentialAction":[{"@type":"SearchAction","target":{"@type":"EntryPoint","urlTemplate":"https:\/\/www.iteca.fr\/fr\/?s={search_term_string}"},"query-input":{"@type":"PropertyValueSpecification","valueRequired":true,"valueName":"search_term_string"}}],"inLanguage":"fr-FR"}]}},"publishpress_future_workflow_manual_trigger":{"enabledWorkflows":[]},"_links":{"self":[{"href":"https:\/\/www.iteca.fr\/fr\/wp-json\/wp\/v2\/pages\/24336","targetHints":{"allow":["GET"]}}],"collection":[{"href":"https:\/\/www.iteca.fr\/fr\/wp-json\/wp\/v2\/pages"}],"about":[{"href":"https:\/\/www.iteca.fr\/fr\/wp-json\/wp\/v2\/types\/page"}],"author":[{"embeddable":true,"href":"https:\/\/www.iteca.fr\/fr\/wp-json\/wp\/v2\/users\/2"}],"replies":[{"embeddable":true,"href":"https:\/\/www.iteca.fr\/fr\/wp-json\/wp\/v2\/comments?post=24336"}],"version-history":[{"count":3,"href":"https:\/\/www.iteca.fr\/fr\/wp-json\/wp\/v2\/pages\/24336\/revisions"}],"predecessor-version":[{"id":24339,"href":"https:\/\/www.iteca.fr\/fr\/wp-json\/wp\/v2\/pages\/24336\/revisions\/24339"}],"wp:attachment":[{"href":"https:\/\/www.iteca.fr\/fr\/wp-json\/wp\/v2\/media?parent=24336"}],"curies":[{"name":"wp","href":"https:\/\/api.w.org\/{rel}","templated":true}]}}