{"id":24331,"date":"2022-02-17T15:53:19","date_gmt":"2022-02-17T14:53:19","guid":{"rendered":"https:\/\/new.iteca.fr\/?page_id=24331"},"modified":"2024-02-21T17:57:44","modified_gmt":"2024-02-21T16:57:44","slug":"mentions-legales","status":"publish","type":"page","link":"https:\/\/www.iteca.fr\/fr\/mentions-legales\/","title":{"rendered":"Mentions l\u00e9gales"},"content":{"rendered":"<div class=\"wpb-content-wrapper\"><p>[vc_row][vc_column][vc_column_text]<\/p>\n<div class=\"title-h2 no-padding\">Pr\u00e9sentation<\/div>\n<p>Le pr\u00e9sent site internet <a href=\"https:\/\/iteca.fr\">iteca.fr<\/a> est la propri\u00e9t\u00e9 de la soci\u00e9t\u00e9 ITECA SOCADEI SAS, Soci\u00e9t\u00e9 par Actions Simplifi\u00e9e au capital de 325 313 \u20ac, dont le si\u00e8ge social est situ\u00e9 \u00e0 Aix en Provence, 445 rue Denis Papin.<\/p>\n<div class=\"title-h3\">Coordonn\u00e9es<\/div>\n<p>ITECA SOCADEI est immatricul\u00e9e au RCS d&rsquo;Aix en Provence sous le num\u00e9ro 332 159 474, num\u00e9ro de TVA fiscal FR53 332 159 474 et repr\u00e9sent\u00e9e par M. Anis Haider.<\/p>\n<ul>\n<li>T\u00e9l\u00e9phone : +33 442 977 700<\/li>\n<li>Courriel : <a href=\"mailto:info@iteca.fr\">info@iteca.fr<\/a><\/li>\n<li>H\u00e9bergeur du site : Infomaniak Network SA, 25 Eug\u00e8ne-Marziano, 1227 Les Acacias, Gen\u00e8ve, SUISSE, N\u00b0 IDE &amp; TVA : CHE-103.167.648, site : <a href=\"https:\/\/infomaniak.com\">infomaniak.com<\/a><\/li>\n<\/ul>\n<div class=\"title-h3\">Conception<\/div>\n<p>Identit\u00e9 visuelle, webdesign et d\u00e9veloppement du site internet : <a href=\"https:\/\/double-you-design.fr\" target=\"_blank\" rel=\"noopener\">Double You Design<\/a><\/p>\n<p>Cr\u00e9dits photo :<\/p>\n<ul>\n<li>Virgil Prudhomme<\/li>\n<li>CNBM Southern<\/li>\n<li>iStockPhoto<\/li>\n<\/ul>\n<div class=\"title-h2 no-padding\">Conditions G\u00e9n\u00e9rales d&rsquo;Utilisation du site iteca.fr<\/div>\n<p>En utilisant le site <a href=\"https:\/\/iteca.fr\">iteca.fr<\/a>, l&rsquo;utilisateur accepte express\u00e9ment les mentions l\u00e9gales.<\/p>\n<p>ITECA SOCADEI n&rsquo;est tenu que d&rsquo;une simple obligation de moyens concernant les informations qu&rsquo;il met \u00e0 disposition des personnes qui acc\u00e8dent \u00e0 son site internet <a href=\"https:\/\/iteca.fr\">iteca.fr<\/a>.<\/p>\n<p>Alors m\u00eame que nous avons effectu\u00e9 toutes les d\u00e9marches pour nous assurer de la fiabilit\u00e9 des informations contenues sur ce site internet, ITECA SOCADEI ne peut encourir aucune responsabilit\u00e9 du fait d&rsquo;erreurs, d&rsquo;omissions ou pour les r\u00e9sultats qui pourraient \u00eatre obtenus par l&rsquo;usage de ces informations.<\/p>\n<p>Le site internet d&rsquo;ITECA SOCADEI <a href=\"https:\/\/iteca.fr\">iteca.fr<\/a> est normalement accessible 24h sur 24 et 7 jours sur 7. En cas de force majeure, de difficult\u00e9s informatiques, de difficult\u00e9s li\u00e9es \u00e0 la structure des r\u00e9seaux de t\u00e9l\u00e9communications ou difficult\u00e9s techniques, pour des raisons de maintenance, sans que cette liste ne soit exhaustive, l&rsquo;acc\u00e8s \u00e0 tout ou partie du site pourra \u00eatre suspendu ou supprim\u00e9 sur simple d\u00e9cision d&rsquo;ITECA SOCADEI.<\/p>\n<p>Le site internet est susceptible de modifications et d&rsquo;\u00e9volutions sans notification d&rsquo;aucune sorte.<\/p>\n<div class=\"title-h2 no-padding\">Propri\u00e9t\u00e9 intellectuelle<\/div>\n<p>ITECA SOCADEI est le propri\u00e9taire des droits, titres et int\u00e9r\u00eats li\u00e9s au nom de ITECA SOCADEI. Toute utilisation de ce nom est interdite sans l&rsquo;autorisation pr\u00e9alable de ITECA SOCADEI. Ce site et son contenu sont prot\u00e9g\u00e9s, au sens du code de la propri\u00e9t\u00e9 intellectuelle, en particulier par les droits d&rsquo;auteur, dessins et mod\u00e8les et droits des marques.<\/p>\n<p>En application du Code fran\u00e7ais de la Propri\u00e9t\u00e9 Intellectuelle et plus g\u00e9n\u00e9ralement des trait\u00e9s et accords internationaux comportant des dispositions relatives \u00e0 la protection des droits d&rsquo;auteur, vous vous interdirez de reproduire pour un usage autre que priv\u00e9, vendre, distribuer, \u00e9mettre, diffuser, adapter, modifier, publier, communiquer int\u00e9gralement ou partiellement, sous quelque forme que ce soit, les donn\u00e9es, la pr\u00e9sentation ou l&rsquo;organisation du site ou les \u0153uvres prot\u00e9g\u00e9es par le droit d&rsquo;auteur qui figurent sur le site internet <a href=\"https:\/\/iteca.fr\">iteca.fr<\/a> sans autorisation \u00e9crite particuli\u00e8re et pr\u00e9alable du d\u00e9tenteur du droit d&rsquo;auteur attach\u00e9 \u00e0 l\u2019\u0153uvre, \u00e0 la pr\u00e9sentation ou \u00e0 l&rsquo;organisation du site ou \u00e0 la donn\u00e9e reproduite.<\/p>\n<p>Vous vous interdirez \u00e9galement d&rsquo;introduire des donn\u00e9es sur le site internet <a href=\"https:\/\/iteca.fr\">iteca.fr<\/a> qui modifieraient ou qui seraient susceptibles de modifier le contenu ou l&rsquo;apparence des donn\u00e9es, de la pr\u00e9sentation ou de l&rsquo;organisation du site ou des \u0153uvres figurant sur le site internet de ITECA SOCADEI et par tout proc\u00e9d\u00e9, quel qu\u2019il soit.<\/p>\n<p>Pour toute information compl\u00e9mentaire, contactez nous \u00e0 l&rsquo;adresse suivante : <a href=\"mailto:info@iteca.fr\">info@iteca.fr<\/a>.<\/p>\n<p>\u00c9tablissement de liens vers les pages de <a href=\"https:\/\/iteca.fr\">iteca.fr<\/a><\/p>\n<p>Tous les liens vers la page d&rsquo;accueil du site <a href=\"https:\/\/iteca.fr\">iteca.fr<\/a> peuvent \u00eatre librement \u00e9tablis d\u00e8s lors qu&rsquo;ils ne sont pas utilis\u00e9s \u00e0 des fins commerciales ou publicitaires, sous r\u00e9serve que la mention \u00ab sur le site d&rsquo;ITECA SOCADEI \u00bb, ou toute autre mention \u00e9quivalente ou plus pr\u00e9cise soit indiqu\u00e9e clairement sur le lien ou \u00e0 proximit\u00e9 de celui-ci.<\/p>\n<p>En outre, ITECA SOCADEI ne saurait \u00eatre tenu pour responsable de quelque fa\u00e7on que ce soit du contenu des sites d&rsquo;origine.<\/p>\n<p>Cette autorisation ne s&rsquo;applique pas aux sites internet diffusant des informations \u00e0 caract\u00e8re illicite, violent, pol\u00e9mique, pornographique, x\u00e9nophobe ou pouvant porter atteinte \u00e0 la sensibilit\u00e9 du plus grand nombre.<\/p>\n<p>Tous les liens profonds vers un document autre que la page d&rsquo;accueil du site <a href=\"https:\/\/iteca.fr\">iteca.fr<\/a>, quel que soit leur forme ou leur contenu, sont interdits sauf autorisation expresse de ITECA SOCADEI. Cela inclut notamment, mais non exclusivement, tout document de type graphique, tout document multim\u00e9dia ou anim\u00e9, tout document texte ou r\u00e9dactionnel.<\/p>\n<p>Toute utilisation ou reproduction, m\u00eame partielle, d&rsquo;un des \u00e9l\u00e9ments du site <a href=\"https:\/\/iteca.fr\">iteca.fr<\/a>\u00a0\u00e0 l&rsquo;int\u00e9rieur d&rsquo;un site tiers par le biais de proc\u00e9d\u00e9s dits d&rsquo;inclusion, de cadres (frames), d&rsquo;inlining ou de tout autre proc\u00e9d\u00e9 de nature similaire sont formellement interdits sauf autorisation expresse d&rsquo;ITECA SOCADEI.<\/p>\n<p>L&rsquo;autorisation pour l&rsquo;\u00e9tablissement des liens vis\u00e9s au pr\u00e9sent r\u00e8glement doit \u00eatre demand\u00e9e \u00e0 l&rsquo;adresse suivante : <a href=\"mailto:info@iteca.fr\">info@iteca.fr<\/a>. La demande doit obligatoirement mentionner l&rsquo;adresse de la page (URL) o\u00f9 figurera le lien sur le site tiers. L&rsquo;acc\u00e8s \u00e0 la page contenant le lien hypertexte vers le site doit \u00eatre gratuit.<\/p>\n<div class=\"title-h2 no-padding\">Donn\u00e9es personnelles<\/div>\n<p>ITECA SOCADEI collecte des informations au moyen des formulaires de demande d&rsquo;informations disponibles sur le site <a href=\"https:\/\/iteca.fr\">iteca.fr<\/a>. Les informations personnelles ainsi collect\u00e9es se limitent \u00e0 celles qui nous sont n\u00e9cessaires pour vous contacter (nom, pr\u00e9nom, intitul\u00e9 de votre profession, nom et adresse de votre soci\u00e9t\u00e9, e-mail, t\u00e9l\u00e9phone et fax).<\/p>\n<p>Les informations nominatives vous concernant sont destin\u00e9es uniquement \u00e0 la soci\u00e9t\u00e9 ITECA SOCADEI.<\/p>\n<p>ITECA SOCADEI s&rsquo;engage \u00e0 ne pas conserver les \u00ab donn\u00e9es personnelles \u00bb au-del\u00e0 d\u2019un d\u00e9lai de trois ans \u00e0 compter de la fin de la relation commerciale.<br \/>\nConform\u00e9ment aux conditions pr\u00e9vues par le r\u00e8glement n\u00b02016\/679 dit r\u00e8glement g\u00e9n\u00e9ral sur la protection des donn\u00e9es (RGPD), vous disposez d&rsquo;un droit d&rsquo;acc\u00e8s aux informations vous concernant et vous pouvez les faire modifier. Si vous souhaitez faire rectifier ou supprimer certaines donn\u00e9es, veuillez adresser un e-mail dans ce sens \u00e0 <a href=\"mailto:info@iteca.fr\">info@iteca.fr<\/a>.<\/p>\n<div class=\"title-h2 no-padding\">Index \u00e9galit\u00e9 H\/F<\/div>\n<div>Ann\u00e9e 2023 : 88\/100<\/div>\n<p>[\/vc_column_text][\/vc_column][\/vc_row]<\/p>\n<\/div>","protected":false},"excerpt":{"rendered":"<p>[vc_row][vc_column][vc_column_text] Pr\u00e9sentation Le pr\u00e9sent site internet iteca.fr est la propri\u00e9t\u00e9 de la soci\u00e9t\u00e9 ITECA SOCADEI SAS, Soci\u00e9t\u00e9 par Actions Simplifi\u00e9e&#8230;<\/p>\n","protected":false},"author":2,"featured_media":0,"parent":0,"menu_order":10,"comment_status":"closed","ping_status":"closed","template":"","meta":{"footnotes":""},"class_list":["post-24331","page","type-page","status-publish"],"yoast_head":"<!-- This site is optimized with the Yoast SEO plugin v26.6 - https:\/\/yoast.com\/wordpress\/plugins\/seo\/ -->\n<title>Mentions l\u00e9gales - ITECA SOCADEI<\/title>\n<meta name=\"robots\" content=\"index, follow, max-snippet:-1, max-image-preview:large, max-video-preview:-1\" \/>\n<link rel=\"canonical\" href=\"https:\/\/www.iteca.fr\/fr\/mentions-legales\/\" \/>\n<meta property=\"og:locale\" content=\"fr_FR\" \/>\n<meta property=\"og:type\" content=\"article\" \/>\n<meta property=\"og:title\" content=\"Mentions l\u00e9gales - ITECA SOCADEI\" \/>\n<meta property=\"og:description\" content=\"[vc_row][vc_column][vc_column_text] Pr\u00e9sentation Le pr\u00e9sent site internet iteca.fr est la propri\u00e9t\u00e9 de la soci\u00e9t\u00e9 ITECA SOCADEI SAS, Soci\u00e9t\u00e9 par Actions Simplifi\u00e9e...\" \/>\n<meta property=\"og:url\" content=\"https:\/\/www.iteca.fr\/fr\/mentions-legales\/\" \/>\n<meta property=\"og:site_name\" content=\"ITECA SOCADEI\" \/>\n<meta property=\"article:modified_time\" content=\"2024-02-21T16:57:44+00:00\" \/>\n<meta name=\"twitter:card\" content=\"summary_large_image\" \/>\n<meta name=\"twitter:label1\" content=\"Dur\u00e9e de lecture estim\u00e9e\" \/>\n\t<meta name=\"twitter:data1\" content=\"6 minutes\" \/>\n<script type=\"application\/ld+json\" class=\"yoast-schema-graph\">{\"@context\":\"https:\/\/schema.org\",\"@graph\":[{\"@type\":\"WebPage\",\"@id\":\"https:\/\/www.iteca.fr\/fr\/mentions-legales\/\",\"url\":\"https:\/\/www.iteca.fr\/fr\/mentions-legales\/\",\"name\":\"Mentions l\u00e9gales - ITECA SOCADEI\",\"isPartOf\":{\"@id\":\"https:\/\/www.iteca.fr\/fr\/#website\"},\"datePublished\":\"2022-02-17T14:53:19+00:00\",\"dateModified\":\"2024-02-21T16:57:44+00:00\",\"breadcrumb\":{\"@id\":\"https:\/\/www.iteca.fr\/fr\/mentions-legales\/#breadcrumb\"},\"inLanguage\":\"fr-FR\",\"potentialAction\":[{\"@type\":\"ReadAction\",\"target\":[\"https:\/\/www.iteca.fr\/fr\/mentions-legales\/\"]}]},{\"@type\":\"BreadcrumbList\",\"@id\":\"https:\/\/www.iteca.fr\/fr\/mentions-legales\/#breadcrumb\",\"itemListElement\":[{\"@type\":\"ListItem\",\"position\":1,\"name\":\"Accueil\",\"item\":\"https:\/\/www.iteca.fr\/fr\/\"},{\"@type\":\"ListItem\",\"position\":2,\"name\":\"Mentions l\u00e9gales\"}]},{\"@type\":\"WebSite\",\"@id\":\"https:\/\/www.iteca.fr\/fr\/#website\",\"url\":\"https:\/\/www.iteca.fr\/fr\/\",\"name\":\"ITECA SOCADEI\",\"description\":\"Vos process, nos solutions\",\"potentialAction\":[{\"@type\":\"SearchAction\",\"target\":{\"@type\":\"EntryPoint\",\"urlTemplate\":\"https:\/\/www.iteca.fr\/fr\/?s={search_term_string}\"},\"query-input\":{\"@type\":\"PropertyValueSpecification\",\"valueRequired\":true,\"valueName\":\"search_term_string\"}}],\"inLanguage\":\"fr-FR\"}]}<\/script>\n<!-- \/ Yoast SEO plugin. -->","yoast_head_json":{"title":"Mentions l\u00e9gales - ITECA SOCADEI","robots":{"index":"index","follow":"follow","max-snippet":"max-snippet:-1","max-image-preview":"max-image-preview:large","max-video-preview":"max-video-preview:-1"},"canonical":"https:\/\/www.iteca.fr\/fr\/mentions-legales\/","og_locale":"fr_FR","og_type":"article","og_title":"Mentions l\u00e9gales - ITECA SOCADEI","og_description":"[vc_row][vc_column][vc_column_text] Pr\u00e9sentation Le pr\u00e9sent site internet iteca.fr est la propri\u00e9t\u00e9 de la soci\u00e9t\u00e9 ITECA SOCADEI SAS, Soci\u00e9t\u00e9 par Actions Simplifi\u00e9e...","og_url":"https:\/\/www.iteca.fr\/fr\/mentions-legales\/","og_site_name":"ITECA SOCADEI","article_modified_time":"2024-02-21T16:57:44+00:00","twitter_card":"summary_large_image","twitter_misc":{"Dur\u00e9e de lecture estim\u00e9e":"6 minutes"},"schema":{"@context":"https:\/\/schema.org","@graph":[{"@type":"WebPage","@id":"https:\/\/www.iteca.fr\/fr\/mentions-legales\/","url":"https:\/\/www.iteca.fr\/fr\/mentions-legales\/","name":"Mentions l\u00e9gales - ITECA SOCADEI","isPartOf":{"@id":"https:\/\/www.iteca.fr\/fr\/#website"},"datePublished":"2022-02-17T14:53:19+00:00","dateModified":"2024-02-21T16:57:44+00:00","breadcrumb":{"@id":"https:\/\/www.iteca.fr\/fr\/mentions-legales\/#breadcrumb"},"inLanguage":"fr-FR","potentialAction":[{"@type":"ReadAction","target":["https:\/\/www.iteca.fr\/fr\/mentions-legales\/"]}]},{"@type":"BreadcrumbList","@id":"https:\/\/www.iteca.fr\/fr\/mentions-legales\/#breadcrumb","itemListElement":[{"@type":"ListItem","position":1,"name":"Accueil","item":"https:\/\/www.iteca.fr\/fr\/"},{"@type":"ListItem","position":2,"name":"Mentions l\u00e9gales"}]},{"@type":"WebSite","@id":"https:\/\/www.iteca.fr\/fr\/#website","url":"https:\/\/www.iteca.fr\/fr\/","name":"ITECA SOCADEI","description":"Vos process, nos solutions","potentialAction":[{"@type":"SearchAction","target":{"@type":"EntryPoint","urlTemplate":"https:\/\/www.iteca.fr\/fr\/?s={search_term_string}"},"query-input":{"@type":"PropertyValueSpecification","valueRequired":true,"valueName":"search_term_string"}}],"inLanguage":"fr-FR"}]}},"publishpress_future_workflow_manual_trigger":{"enabledWorkflows":[]},"_links":{"self":[{"href":"https:\/\/www.iteca.fr\/fr\/wp-json\/wp\/v2\/pages\/24331","targetHints":{"allow":["GET"]}}],"collection":[{"href":"https:\/\/www.iteca.fr\/fr\/wp-json\/wp\/v2\/pages"}],"about":[{"href":"https:\/\/www.iteca.fr\/fr\/wp-json\/wp\/v2\/types\/page"}],"author":[{"embeddable":true,"href":"https:\/\/www.iteca.fr\/fr\/wp-json\/wp\/v2\/users\/2"}],"replies":[{"embeddable":true,"href":"https:\/\/www.iteca.fr\/fr\/wp-json\/wp\/v2\/comments?post=24331"}],"version-history":[{"count":19,"href":"https:\/\/www.iteca.fr\/fr\/wp-json\/wp\/v2\/pages\/24331\/revisions"}],"predecessor-version":[{"id":26743,"href":"https:\/\/www.iteca.fr\/fr\/wp-json\/wp\/v2\/pages\/24331\/revisions\/26743"}],"wp:attachment":[{"href":"https:\/\/www.iteca.fr\/fr\/wp-json\/wp\/v2\/media?parent=24331"}],"curies":[{"name":"wp","href":"https:\/\/api.w.org\/{rel}","templated":true}]}}