{"id":2182,"date":"2022-01-05T14:47:51","date_gmt":"2022-01-05T13:47:51","guid":{"rendered":"https:\/\/new.iteca.fr\/?page_id=2182"},"modified":"2022-06-07T12:13:31","modified_gmt":"2022-06-07T10:13:31","slug":"applications-specifiques","status":"publish","type":"page","link":"https:\/\/www.iteca.fr\/fr\/focus\/applications-specifiques\/","title":{"rendered":"Applications sp\u00e9cifiques"},"content":{"rendered":"<div class=\"wpb-content-wrapper\"><p>[vc_row disable_element=\u00a0\u00bbyes\u00a0\u00bb][vc_column][vc_column_text]<\/p>\n<div class=\"styled-subtitle\" style=\"text-align: center;\"><span style=\"color: #1d1d1b;\">Nous proposons \u00e9galement des <strong>solutions sur-mesure<\/strong> r\u00e9pondant \u00e0 des besoins sp\u00e9cifiques de mesure de couleur ou de taille de particules, pour tous types d\u2019industries des secteurs primaires ou secondaires. Un exemple de mesure de couleur de la fleur de sel vous est pr\u00e9sent\u00e9 ici.<\/span><\/div>\n<p>[\/vc_column_text][\/vc_column][\/vc_row][vc_row el_class=\u00a0\u00bbarticles\u00a0\u00bb][vc_column]<style>.portfolio.news-grid#style-9f9659c .portfolio-item:not(.size-item), .preloader#style-preloader-9f9659c .portfolio-item { padding: calc(30px\/2) !important; }.portfolio.news-grid#style-9f9659c .portfolio-item.size-item { padding: 0 calc(30px\/2) !important; }.portfolio.news-grid#style-9f9659c .portfolio-row, .preloader#style-preloader-9f9659c .skeleton-posts.portfolio-row { margin: calc(-30px\/2); }.portfolio.news-grid#style-9f9659c.fullwidth-columns .portfolio-row { margin: calc(-30px\/2) 0; }.portfolio.news-grid#style-9f9659c .fullwidth-block:not(.no-paddings) { padding-left: 30px; padding-right: 30px; }.portfolio.news-grid#style-9f9659c .fullwidth-block .portfolio-row { padding-left: calc(30px\/2); padding-right: calc(30px\/2); }.portfolio.news-grid#style-9f9659c .fullwidth-block .portfolio-top-panel { padding-left: 30px; padding-right: 30px; }.portfolio.news-grid#style-9f9659c.fullwidth-columns .with-filter-sidebar .filter-sidebar { padding-left: 30px; }.portfolio.news-grid#style-9f9659c.list-style.with-divider .portfolio-item .wrap:before { top: calc(-30px\/2); }.portfolio.news-grid#style-9f9659c .portfolio-item .caption .title span { letter-spacing: px !important; }<\/style><style>.portfolio.news-grid#style-9f9659c .portfolio-filters { text-align: center; }<\/style><div id=\"style-preloader-9f9659c\" class=\"preloader save-space\"><div class=\"preloader-spin\"><\/div><\/div> <div class=\"portfolio-preloader-wrapper panel-sidebar-position-left\"> <div class=\"portfolio portfolio-grid extended-portfolio-grid news-grid no-padding portfolio-pagination-scroll portfolio-style-masonry background-style-transparent title-style-light hover-new-default title-on-page caption-position-page version-new loading-animation item-animation-move-up portfolio-items-masonry columns-2 columns-tablet-2 columns-mobile-1 \" id=\"style-9f9659c\" data-style-uid=\"9f9659c\" data-portfolio-uid=\"grid_29b97dd\" data-current-page=\"1\" data-per-page=\"6\" data-next-page=\"0\" data-pages-count=\"1\" data-hover=\"default\" data-portfolio-filter=\"[]\" data-portfolio-filter-attributes=\"null\" data-portfolio-filter-status=\"null\" data-portfolio-filter-price=\"null\" data-portfolio-filter-search=\"\"> <div class=\"portfolio-row-outer \"> <div class=\"portfolio-top-panel filter-type-default selected-only\"> <div class=\"portfolio-top-panel-row filter-style-buttons\"> <div class=\"portfolio-top-panel-left\"><div class=\"portfolio-filter-item portfolio-selected-filters left\"> <div class=\"portfolio-selected-filter-item clear-filters\"> Clear Filters\t<\/div> <\/div> <\/div> <div class=\"portfolio-top-panel-right\"> <\/div> <\/div> <\/div> <div class=\"row portfolio-row\"> <div class=\"portfolio-set clearfix\" data-max-row-height=\"380\"> <div class=\"portfolio-item applications-specifiques col-xs-12 col-sm-6 col-md-6 item-animations-not-inited appearance-type- post-1 post type-post status-publish format-standard has-post-thumbnail category-applications-specifiques\" data-default-sort=\"0\" data-sort-date=\"1630579055\"> <div class=\"wrap clearfix\"> <div class=\"image post-1 post type-post status-publish format-standard has-post-thumbnail category-applications-specifiques\"> <div class=\"image-inner \"> <div class=\"post-featured-content\"><a href=\"https:\/\/www.iteca.fr\/fr\/la-mesure-de-couleur-de-la-fleur-de-sel\/\"> <picture> <img src=\"https:\/\/www.iteca.fr\/wp-content\/uploads\/2021\/09\/ITECA_Application-specifique_Mesure-de-couleur-fleur-de-sel_1-thegem-portfolio-masonry.jpg\" width=\"754\" height=\"503\" class=\"img-responsive\" alt=\"ITECA_Application-specifique_Mesure-de-couleur-fleur-de-sel_1\" \/> <\/picture> <\/a><\/div> <\/div> <div class=\"overlay\"> <div class=\"overlay-circle\"><\/div> <div class=\"links-wrapper\"> <div class=\"links\"> <div class=\"caption\"> <a href=\"https:\/\/www.iteca.fr\/fr\/la-mesure-de-couleur-de-la-fleur-de-sel\/\" class=\"portfolio-item-link\"> <span class=\"screen-reader-text\">Mesure de couleur de la Fleur de sel<\/span> <\/a> <div class=\"portfolio-icons\"> <a href=\"javascript: void(0);\" class=\"icon self-link\" aria-label=\"Mesure de couleur de la Fleur de sel\"><i class=\"default\"><\/i><\/a> <\/div> <div class=\"info\"> <a class=\"additional-meta\" data-filter-type=\"taxonomies\" data-attr=\"category\" data-filter=\"applications-specifiques\">Applications sp\u00e9cifiques<\/a> <\/div> <\/div> <\/div> <\/div> <\/div> <\/div> <div class=\"caption post-1 post type-post status-publish format-standard has-post-thumbnail category-applications-specifiques\"> <div class=\"post-author-date\"> <div class=\"post-date\">2 septembre 2021<\/div> <\/div> <div class=\"title\"> <span class=\"title-h4 \"><a href=\"https:\/\/www.iteca.fr\/fr\/la-mesure-de-couleur-de-la-fleur-de-sel\/\" rel=\"bookmark\">Mesure de couleur de la Fleur de sel<\/a><\/span> <\/div> <div class=\"description \"> <p>La Fleur de sel, appara\u00eet \u00e0 la surface des bassins de cristallisation (appel\u00e9s \u0153illets) sous la forme d\u2019une fine pellicule opalescente.<\/p> <\/div> <\/div> <\/div> <\/div> <\/div><!-- .portflio-set --> <div class=\"portfolio-item-size-container\"> <div class=\"portfolio-item col-xs-12 col-sm-6 col-md-6 item-animations-not-inited post-1 post type-post status-publish format-standard has-post-thumbnail category-applications-specifiques\"> <\/div> <\/div> <\/div><!-- .row--> <\/div><!-- .full-width --> <\/div><!-- .portfolio--> <\/div><!-- .portfolio-preloader-wrapper-->[\/vc_column][\/vc_row][vc_row el_class=\u00a0\u00bbarticles-ie11&Prime;][vc_column][vc_basic_grid post_type=\u00a0\u00bbpost\u00a0\u00bb max_items=\u00a0\u00bb10&Prime; element_width=\u00a0\u00bb6&Prime; gap=\u00a0\u00bb20&Prime; grid_id=\u00a0\u00bbvc_gid:1653292729344-096a36c7-ab88-7&Prime; taxonomies=\u00a0\u00bb19&Prime; el_class=\u00a0\u00bbarticles-ie11&Prime;][\/vc_column][\/vc_row]<\/p>\n<\/div>","protected":false},"excerpt":{"rendered":"<p>[vc_row disable_element=\u00a0\u00bbyes\u00a0\u00bb][vc_column][vc_column_text] Nous proposons \u00e9galement des solutions sur-mesure r\u00e9pondant \u00e0 des besoins sp\u00e9cifiques de mesure de couleur ou de taille&#8230;<\/p>\n","protected":false},"author":2,"featured_media":0,"parent":2187,"menu_order":1,"comment_status":"closed","ping_status":"closed","template":"","meta":{"footnotes":""},"class_list":["post-2182","page","type-page","status-publish"],"yoast_head":"<!-- This site is optimized with the Yoast SEO plugin v26.6 - https:\/\/yoast.com\/wordpress\/plugins\/seo\/ -->\n<title>Applications sp\u00e9cifiques - ITECA SOCADEI<\/title>\n<meta name=\"robots\" content=\"index, follow, max-snippet:-1, max-image-preview:large, max-video-preview:-1\" \/>\n<link rel=\"canonical\" href=\"https:\/\/www.iteca.fr\/fr\/focus\/applications-specifiques\/\" \/>\n<meta property=\"og:locale\" content=\"fr_FR\" \/>\n<meta property=\"og:type\" content=\"article\" \/>\n<meta property=\"og:title\" content=\"Applications sp\u00e9cifiques - ITECA SOCADEI\" \/>\n<meta property=\"og:description\" content=\"[vc_row disable_element=\u00a0\u00bbyes\u00a0\u00bb][vc_column][vc_column_text] Nous proposons \u00e9galement des solutions sur-mesure r\u00e9pondant \u00e0 des besoins sp\u00e9cifiques de mesure de couleur ou de taille...\" \/>\n<meta property=\"og:url\" content=\"https:\/\/www.iteca.fr\/fr\/focus\/applications-specifiques\/\" \/>\n<meta property=\"og:site_name\" content=\"ITECA SOCADEI\" \/>\n<meta property=\"article:modified_time\" content=\"2022-06-07T10:13:31+00:00\" \/>\n<meta name=\"twitter:card\" content=\"summary_large_image\" \/>\n<meta name=\"twitter:label1\" content=\"Dur\u00e9e de lecture estim\u00e9e\" \/>\n\t<meta name=\"twitter:data1\" content=\"1 minute\" \/>\n<script type=\"application\/ld+json\" class=\"yoast-schema-graph\">{\"@context\":\"https:\/\/schema.org\",\"@graph\":[{\"@type\":\"WebPage\",\"@id\":\"https:\/\/www.iteca.fr\/fr\/focus\/applications-specifiques\/\",\"url\":\"https:\/\/www.iteca.fr\/fr\/focus\/applications-specifiques\/\",\"name\":\"Applications sp\u00e9cifiques - ITECA SOCADEI\",\"isPartOf\":{\"@id\":\"https:\/\/www.iteca.fr\/fr\/#website\"},\"datePublished\":\"2022-01-05T13:47:51+00:00\",\"dateModified\":\"2022-06-07T10:13:31+00:00\",\"breadcrumb\":{\"@id\":\"https:\/\/www.iteca.fr\/fr\/focus\/applications-specifiques\/#breadcrumb\"},\"inLanguage\":\"fr-FR\",\"potentialAction\":[{\"@type\":\"ReadAction\",\"target\":[\"https:\/\/www.iteca.fr\/fr\/focus\/applications-specifiques\/\"]}]},{\"@type\":\"BreadcrumbList\",\"@id\":\"https:\/\/www.iteca.fr\/fr\/focus\/applications-specifiques\/#breadcrumb\",\"itemListElement\":[{\"@type\":\"ListItem\",\"position\":1,\"name\":\"Accueil\",\"item\":\"https:\/\/www.iteca.fr\/fr\/\"},{\"@type\":\"ListItem\",\"position\":2,\"name\":\"Focus\",\"item\":\"https:\/\/www.iteca.fr\/fr\/focus\/\"},{\"@type\":\"ListItem\",\"position\":3,\"name\":\"Applications sp\u00e9cifiques\"}]},{\"@type\":\"WebSite\",\"@id\":\"https:\/\/www.iteca.fr\/fr\/#website\",\"url\":\"https:\/\/www.iteca.fr\/fr\/\",\"name\":\"ITECA SOCADEI\",\"description\":\"Vos process, nos solutions\",\"potentialAction\":[{\"@type\":\"SearchAction\",\"target\":{\"@type\":\"EntryPoint\",\"urlTemplate\":\"https:\/\/www.iteca.fr\/fr\/?s={search_term_string}\"},\"query-input\":{\"@type\":\"PropertyValueSpecification\",\"valueRequired\":true,\"valueName\":\"search_term_string\"}}],\"inLanguage\":\"fr-FR\"}]}<\/script>\n<!-- \/ Yoast SEO plugin. -->","yoast_head_json":{"title":"Applications sp\u00e9cifiques - ITECA SOCADEI","robots":{"index":"index","follow":"follow","max-snippet":"max-snippet:-1","max-image-preview":"max-image-preview:large","max-video-preview":"max-video-preview:-1"},"canonical":"https:\/\/www.iteca.fr\/fr\/focus\/applications-specifiques\/","og_locale":"fr_FR","og_type":"article","og_title":"Applications sp\u00e9cifiques - ITECA SOCADEI","og_description":"[vc_row disable_element=\u00a0\u00bbyes\u00a0\u00bb][vc_column][vc_column_text] Nous proposons \u00e9galement des solutions sur-mesure r\u00e9pondant \u00e0 des besoins sp\u00e9cifiques de mesure de couleur ou de taille...","og_url":"https:\/\/www.iteca.fr\/fr\/focus\/applications-specifiques\/","og_site_name":"ITECA SOCADEI","article_modified_time":"2022-06-07T10:13:31+00:00","twitter_card":"summary_large_image","twitter_misc":{"Dur\u00e9e de lecture estim\u00e9e":"1 minute"},"schema":{"@context":"https:\/\/schema.org","@graph":[{"@type":"WebPage","@id":"https:\/\/www.iteca.fr\/fr\/focus\/applications-specifiques\/","url":"https:\/\/www.iteca.fr\/fr\/focus\/applications-specifiques\/","name":"Applications sp\u00e9cifiques - ITECA SOCADEI","isPartOf":{"@id":"https:\/\/www.iteca.fr\/fr\/#website"},"datePublished":"2022-01-05T13:47:51+00:00","dateModified":"2022-06-07T10:13:31+00:00","breadcrumb":{"@id":"https:\/\/www.iteca.fr\/fr\/focus\/applications-specifiques\/#breadcrumb"},"inLanguage":"fr-FR","potentialAction":[{"@type":"ReadAction","target":["https:\/\/www.iteca.fr\/fr\/focus\/applications-specifiques\/"]}]},{"@type":"BreadcrumbList","@id":"https:\/\/www.iteca.fr\/fr\/focus\/applications-specifiques\/#breadcrumb","itemListElement":[{"@type":"ListItem","position":1,"name":"Accueil","item":"https:\/\/www.iteca.fr\/fr\/"},{"@type":"ListItem","position":2,"name":"Focus","item":"https:\/\/www.iteca.fr\/fr\/focus\/"},{"@type":"ListItem","position":3,"name":"Applications sp\u00e9cifiques"}]},{"@type":"WebSite","@id":"https:\/\/www.iteca.fr\/fr\/#website","url":"https:\/\/www.iteca.fr\/fr\/","name":"ITECA SOCADEI","description":"Vos process, nos solutions","potentialAction":[{"@type":"SearchAction","target":{"@type":"EntryPoint","urlTemplate":"https:\/\/www.iteca.fr\/fr\/?s={search_term_string}"},"query-input":{"@type":"PropertyValueSpecification","valueRequired":true,"valueName":"search_term_string"}}],"inLanguage":"fr-FR"}]}},"publishpress_future_workflow_manual_trigger":{"enabledWorkflows":[]},"_links":{"self":[{"href":"https:\/\/www.iteca.fr\/fr\/wp-json\/wp\/v2\/pages\/2182","targetHints":{"allow":["GET"]}}],"collection":[{"href":"https:\/\/www.iteca.fr\/fr\/wp-json\/wp\/v2\/pages"}],"about":[{"href":"https:\/\/www.iteca.fr\/fr\/wp-json\/wp\/v2\/types\/page"}],"author":[{"embeddable":true,"href":"https:\/\/www.iteca.fr\/fr\/wp-json\/wp\/v2\/users\/2"}],"replies":[{"embeddable":true,"href":"https:\/\/www.iteca.fr\/fr\/wp-json\/wp\/v2\/comments?post=2182"}],"version-history":[{"count":7,"href":"https:\/\/www.iteca.fr\/fr\/wp-json\/wp\/v2\/pages\/2182\/revisions"}],"predecessor-version":[{"id":25694,"href":"https:\/\/www.iteca.fr\/fr\/wp-json\/wp\/v2\/pages\/2182\/revisions\/25694"}],"up":[{"embeddable":true,"href":"https:\/\/www.iteca.fr\/fr\/wp-json\/wp\/v2\/pages\/2187"}],"wp:attachment":[{"href":"https:\/\/www.iteca.fr\/fr\/wp-json\/wp\/v2\/media?parent=2182"}],"curies":[{"name":"wp","href":"https:\/\/api.w.org\/{rel}","templated":true}]}}