{"id":1225,"date":"2021-10-12T09:32:19","date_gmt":"2021-10-12T07:32:19","guid":{"rendered":"https:\/\/new.iteca.fr\/?page_id=1225"},"modified":"2022-06-17T16:51:40","modified_gmt":"2022-06-17T14:51:40","slug":"departements","status":"publish","type":"page","link":"https:\/\/www.iteca.fr\/fr\/departements\/","title":{"rendered":"D\u00e9partements"},"content":{"rendered":"<div class=\"wpb-content-wrapper\"><p>[vc_row disable_element=\u00a0\u00bbyes\u00a0\u00bb][vc_column][vc_column_text]<\/p>\n<div class=\"styled-subtitle\" style=\"text-align: center;\"><span style=\"color: #1d1d1b;\"><strong>D\u00e9couvrez comment les solutions de nos 3 d\u00e9partements sont devenues indispensables au bon fonctionnement des ateliers de nos diff\u00e9rents clients.<\/strong><\/span><\/div>\n<p>[\/vc_column_text][\/vc_column][\/vc_row][vc_row gap=\u00a0\u00bb30&Prime; equal_height=\u00a0\u00bbyes\u00a0\u00bb content_placement=\u00a0\u00bbmiddle\u00a0\u00bb][vc_column width=\u00a0\u00bb1\/4&Prime;][vc_single_image image=\u00a0\u00bb1549&Prime; img_size=\u00a0\u00bbmedium\u00a0\u00bb onclick=\u00a0\u00bbcustom_link\u00a0\u00bb interactions_enabled=\u00a0\u00bb1&Prime; mouse_effects=\u00a0\u00bb1&Prime; mouse_effects_speed=\u00a0\u00bb0.3&Prime; disable_effects_tablet=\u00a0\u00bb1&Prime; disable_effects_mobile=\u00a0\u00bb1&Prime; css_animation=\u00a0\u00bbbottom-to-top\u00a0\u00bb link=\u00a0\u00bb\/fr\/departements\/departement-ciment\/\u00a0\u00bb][\/vc_column][vc_column width=\u00a0\u00bb1\/6&Prime; offset=\u00a0\u00bbvc_hidden-xs\u00a0\u00bb][\/vc_column][vc_column width=\u00a0\u00bb7\/12&Prime;]<div class=\"thegem-te-heading thegem-custom-69dcdea633eb65005\" ><script type=\"text\/javascript\">(function() {function TheGemHeading() {this.animateClass = 'thegem-heading-animate';this.animatedClass = 'thegem-heading-animated';}TheGemHeading.prototype = {initialize: function () {let items =document.querySelectorAll('.'+this.animateClass);items.forEach((item)=>{if (this.isElementVisible(item)) {this.prepareAnimation(item);this.startAnimation(item);}});if ('ResizeObserver' in window) {const resizeObserver = new ResizeObserver((entries) => {entries.forEach((entry) => {this.prepareAnimation(entry.target);});});items.forEach((item) => {resizeObserver.observe(item);});}if ('IntersectionObserver' in window) {let intersectionObserver = new IntersectionObserver((entries)=>{entries.forEach((entry)=> {if (entry.isIntersecting) {this.startAnimation(entry.target);intersectionObserver.unobserve(entry.target);}});});items.forEach((item)=>{intersectionObserver.observe(item);this.prepareAnimation(item);});} else {items.forEach((item)=>{this.prepareAnimation(item);this.startAnimation(item);});}},isElementVisible: function (element) {let rect= element.getBoundingClientRect(),width= window.innerWidth || document.documentElement.clientWidth,height = window.innerHeight || document.documentElement.clientHeight,efp= (x, y) => document.elementFromPoint(x, y);if (rect.right < 0 || rect.bottom < 0 || rect.left > width || rect.top > height) return false;return (element.contains(efp(rect.left,rect.top)) ||element.contains(efp(rect.right, rect.top)) ||element.contains(efp(rect.right, rect.bottom)) ||element.contains(efp(rect.left,rect.bottom)));},startAnimation: function (element) {if (element && !element.classList.contains(this.animatedClass)) {element.classList.add(this.animatedClass);element.classList.remove(this.animateClass);element.dispatchEvent(new Event('theGemHeading.startAnimation', {bubbles: true}));}},prepareAnimation: function (element) {if (element\/* && !element.isPreparedAnimation*\/) {element.dispatchEvent(new Event('theGemHeading.prepareAnimation', {bubbles: true}));\/*element.isPreparedAnimation = true;*\/}}};window.theGemHeading = new TheGemHeading();document.addEventListener('DOMContentLoaded', function() {window.theGemHeading.initialize();});})();<\/script><h2 id=\"thegem-heading-69dcdea633e1c\" class=\"thegem-heading title-h2 words-slide-up thegem-heading-animate\" style=\"text-align: left;\" ><a href=\"\/fr\/departements\/departement-ciment\/\" title=\"D\u00e9partement Ciment\"><span class=\"thegem-heading-word-wrap\"><span class=\"thegem-heading-word\" style=\"animation-delay: 60ms\">D\u00e9partement<\/span><\/span> <span class=\"thegem-heading-word-wrap\"><span class=\"thegem-heading-word\" style=\"animation-delay: 120ms\">Ciment<\/span><\/span><\/a><\/h2><style type=\"text\/css\">#thegem-heading-69dcdea633e1c {margin: 0;}#thegem-heading-69dcdea633e1c a:hover, #thegem-heading-69dcdea633e1c a:hover span.colored {color: var(--thegem-to-menu-level1-color-hover, #00BCD4) !important;}<\/style><\/div><style>@media screen and (max-width: 1023px) {.thegem-te-heading.thegem-custom-69dcdea633eb65005{display: block!important;}}@media screen and (max-width: 767px) {.thegem-te-heading.thegem-custom-69dcdea633eb65005{display: block!important;}}@media screen and (max-width: 1023px) {.thegem-te-heading.thegem-custom-69dcdea633eb65005{position: relative !important;}}@media screen and (max-width: 767px) {.thegem-te-heading.thegem-custom-69dcdea633eb65005{position: relative !important;}}<\/style>[vc_column_text css_animation=\u00a0\u00bbright-to-left\u00a0\u00bb]Nos solutions \u00e9prouv\u00e9es d\u2019optimisation du fonctionnement des diff\u00e9rents ateliers d\u2019une cimenterie permettent d\u2019am\u00e9liorer la qualit\u00e9 des produits tout en r\u00e9duisant les co\u00fbts de production ainsi que l\u2019impact environnemental.[\/vc_column_text][vc_empty_space height=\u00a0\u00bb20px\u00a0\u00bb]<style type=\"text\/css\">.thegem-button-69dcdea633f636432.lazy-loading-before-start-animation .lazy-loading-item {opacity: 0;} body.thegem-effects-disabled .thegem-button-69dcdea633f636432.lazy-loading-before-start-animation .lazy-loading-item {opacity: 1;}<\/style><style type=\"text\/css\">.thegem-button-69dcdea633f636432 .gem-button svg {fill: #e40521;}.thegem-button-69dcdea633f636432 .gem-button:hover svg {fill: #ffffff;}<\/style><div class=\"gem-button-container gem-button-position-left thegem-button-69dcdea633f636432     lazy-loading lazy-loading-before-start-animation\"  ><a class=\"gem-button gem-button-size-medium gem-button-style-outline gem-button-text-weight-normal gem-button-border-2 gem-button-no-uppercase lazy-loading-item\" data-ll-effect=\"drop-right-without-wrap\" style=\"border-radius: 30px;border-color: #e40521;color: #e40521;\" onmouseleave=\"this.style.borderColor='#e40521';this.style.backgroundColor='transparent';this.style.color='#e40521';\" onmouseenter=\"this.style.borderColor='#e40521';this.style.backgroundColor='#e40521';this.style.color='#ffffff';\" href=\"\/fr\/departements\/departement-ciment\/\" target=\"_self\">D\u00e9couvrir<\/a><\/div> [\/vc_column][\/vc_row][vc_row full_width=\u00a0\u00bbstretch_row\u00a0\u00bb gap=\u00a0\u00bb30&Prime; equal_height=\u00a0\u00bbyes\u00a0\u00bb content_placement=\u00a0\u00bbmiddle\u00a0\u00bb el_disable_mobile=\u00a0\u00bb1&Prime; css=\u00a0\u00bb.vc_custom_1655477241577{margin-top: 100px !important;margin-bottom: 100px !important;padding-top: 50px !important;padding-bottom: 50px !important;background-color: #f9f9f9 !important;}\u00a0\u00bb][vc_column width=\u00a0\u00bb7\/12&Prime;]<div class=\"thegem-te-heading thegem-custom-69dcdea6340228790\" ><h2 id=\"thegem-heading-69dcdea633ff3\" class=\"thegem-heading title-h2 words-slide-up thegem-heading-animate\" style=\"text-align: left;\" ><a href=\"\/fr\/departements\/departement-couleur-et-vision\/\" title=\"D\u00e9partement Couleur&amp;Vision\"><span class=\"thegem-heading-word-wrap\"><span class=\"thegem-heading-word\" style=\"animation-delay: 60ms\">D\u00e9partement<\/span><\/span> <span class=\"thegem-heading-word-wrap\"><span class=\"thegem-heading-word\" style=\"animation-delay: 120ms\">Couleur<\/span><\/span> <span class=\"thegem-heading-word-wrap\"><span class=\"thegem-heading-word\" style=\"animation-delay: 180ms\">&<\/span><\/span> <span class=\"thegem-heading-word-wrap\"><span class=\"thegem-heading-word\" style=\"animation-delay: 240ms\">Vision<\/span><\/span><\/a><\/h2><style type=\"text\/css\">#thegem-heading-69dcdea633ff3 {margin: 0;}#thegem-heading-69dcdea633ff3 a:hover, #thegem-heading-69dcdea633ff3 a:hover span.colored {color: var(--thegem-to-menu-level1-color-hover, #00BCD4) !important;}<\/style><\/div><style>@media screen and (max-width: 1023px) {.thegem-te-heading.thegem-custom-69dcdea6340228790{display: block!important;}}@media screen and (max-width: 767px) {.thegem-te-heading.thegem-custom-69dcdea6340228790{display: block!important;}}@media screen and (max-width: 1023px) {.thegem-te-heading.thegem-custom-69dcdea6340228790{position: relative !important;}}@media screen and (max-width: 767px) {.thegem-te-heading.thegem-custom-69dcdea6340228790{position: relative !important;}}<\/style>[vc_column_text css_animation=\u00a0\u00bbright-to-left\u00a0\u00bb]Avec une exp\u00e9rience de plus de 25 ans, l\u2019\u00e9quipe du d\u00e9partement Couleur &amp; Vision est sp\u00e9cialiste du traitement d\u2019images en temps r\u00e9el appliqu\u00e9 \u00e0 diff\u00e9rentes industries, et plus particuli\u00e8rement \u00e0 l\u2019industrie du sucre et celle des charges min\u00e9rales.[\/vc_column_text][vc_empty_space height=\u00a0\u00bb20px\u00a0\u00bb]<style type=\"text\/css\">.thegem-button-69dcdea6340732346.lazy-loading-before-start-animation .lazy-loading-item {opacity: 0;} body.thegem-effects-disabled .thegem-button-69dcdea6340732346.lazy-loading-before-start-animation .lazy-loading-item {opacity: 1;}<\/style><style type=\"text\/css\">.thegem-button-69dcdea6340732346 .gem-button svg {fill: #e40521;}.thegem-button-69dcdea6340732346 .gem-button:hover svg {fill: #ffffff;}<\/style><div class=\"gem-button-container gem-button-position-left thegem-button-69dcdea6340732346     lazy-loading lazy-loading-before-start-animation\"  ><a class=\"gem-button gem-button-size-medium gem-button-style-outline gem-button-text-weight-normal gem-button-border-2 gem-button-no-uppercase lazy-loading-item\" data-ll-effect=\"drop-right-without-wrap\" style=\"border-radius: 30px;border-color: #e40521;color: #e40521;\" onmouseleave=\"this.style.borderColor='#e40521';this.style.backgroundColor='transparent';this.style.color='#e40521';\" onmouseenter=\"this.style.borderColor='#e40521';this.style.backgroundColor='#e40521';this.style.color='#ffffff';\" href=\"\/fr\/departements\/departement-couleur-et-vision\/\" target=\"_self\">D\u00e9couvrir<\/a><\/div> [\/vc_column][vc_column width=\u00a0\u00bb1\/6&Prime;][\/vc_column][vc_column width=\u00a0\u00bb1\/4&Prime;][vc_single_image image=\u00a0\u00bb1553&Prime; img_size=\u00a0\u00bbfull\u00a0\u00bb onclick=\u00a0\u00bbcustom_link\u00a0\u00bb interactions_enabled=\u00a0\u00bb1&Prime; mouse_effects=\u00a0\u00bb1&Prime; mouse_effects_direction=\u00a0\u00bbmouse_effects_direction_direct\u00a0\u00bb mouse_effects_speed=\u00a0\u00bb0.2&Prime; disable_effects_tablet=\u00a0\u00bb1&Prime; disable_effects_mobile=\u00a0\u00bb1&Prime; css_animation=\u00a0\u00bbbottom-to-top\u00a0\u00bb link=\u00a0\u00bb\/fr\/departements\/departement-couleur-et-vision\/\u00a0\u00bb][\/vc_column][\/vc_row][vc_row full_width=\u00a0\u00bbstretch_row\u00a0\u00bb gap=\u00a0\u00bb30&Prime; equal_height=\u00a0\u00bbyes\u00a0\u00bb content_placement=\u00a0\u00bbmiddle\u00a0\u00bb el_disable_desktop=\u00a0\u00bb1&Prime; el_disable_tablet=\u00a0\u00bb1&Prime; css=\u00a0\u00bb.vc_custom_1655477489299{margin-top: 100px !important;margin-bottom: 100px !important;padding-top: 50px !important;padding-bottom: 50px !important;background-color: #f9f9f9 !important;}\u00a0\u00bb][vc_column width=\u00a0\u00bb1\/4&Prime;][vc_single_image image=\u00a0\u00bb1553&Prime; img_size=\u00a0\u00bbmedium\u00a0\u00bb onclick=\u00a0\u00bbcustom_link\u00a0\u00bb interactions_enabled=\u00a0\u00bb1&Prime; mouse_effects=\u00a0\u00bb1&Prime; mouse_effects_direction=\u00a0\u00bbmouse_effects_direction_direct\u00a0\u00bb mouse_effects_speed=\u00a0\u00bb0.2&Prime; disable_effects_tablet=\u00a0\u00bb1&Prime; disable_effects_mobile=\u00a0\u00bb1&Prime; css_animation=\u00a0\u00bbbottom-to-top\u00a0\u00bb link=\u00a0\u00bb\/fr\/departements\/departement-couleur-et-vision\/\u00a0\u00bb][\/vc_column][vc_column width=\u00a0\u00bb1\/6&Prime; offset=\u00a0\u00bbvc_hidden-xs\u00a0\u00bb][\/vc_column][vc_column width=\u00a0\u00bb7\/12&Prime;]<div class=\"thegem-te-heading thegem-custom-69dcdea6341143943\" ><h2 id=\"thegem-heading-69dcdea6340f2\" class=\"thegem-heading title-h2 words-slide-up thegem-heading-animate\" style=\"text-align: left;\" ><a href=\"\/fr\/departements\/departement-couleur-et-vision\/\" title=\"D\u00e9partement Couleur&amp;Vision\"><span class=\"thegem-heading-word-wrap\"><span class=\"thegem-heading-word\" style=\"animation-delay: 60ms\">D\u00e9partement<\/span><\/span> <span class=\"thegem-heading-word-wrap\"><span class=\"thegem-heading-word\" style=\"animation-delay: 120ms\">Couleur<\/span><\/span> <span class=\"thegem-heading-word-wrap\"><span class=\"thegem-heading-word\" style=\"animation-delay: 180ms\">&<\/span><\/span> <span class=\"thegem-heading-word-wrap\"><span class=\"thegem-heading-word\" style=\"animation-delay: 240ms\">Vision<\/span><\/span><\/a><\/h2><style type=\"text\/css\">#thegem-heading-69dcdea6340f2 {margin: 0;}#thegem-heading-69dcdea6340f2 a:hover, #thegem-heading-69dcdea6340f2 a:hover span.colored {color: var(--thegem-to-menu-level1-color-hover, #00BCD4) !important;}<\/style><\/div><style>@media screen and (max-width: 1023px) {.thegem-te-heading.thegem-custom-69dcdea6341143943{display: block!important;}}@media screen and (max-width: 767px) {.thegem-te-heading.thegem-custom-69dcdea6341143943{display: block!important;}}@media screen and (max-width: 1023px) {.thegem-te-heading.thegem-custom-69dcdea6341143943{position: relative !important;}}@media screen and (max-width: 767px) {.thegem-te-heading.thegem-custom-69dcdea6341143943{position: relative !important;}}<\/style>[vc_column_text css_animation=\u00a0\u00bbright-to-left\u00a0\u00bb]Avec une exp\u00e9rience de plus de 25 ans, l\u2019\u00e9quipe du d\u00e9partement Couleur &amp; Vision est sp\u00e9cialiste du traitement d\u2019images en temps r\u00e9el appliqu\u00e9 \u00e0 diff\u00e9rentes industries, et plus particuli\u00e8rement \u00e0 l\u2019industrie du sucre et celle des charges min\u00e9rales.[\/vc_column_text][vc_empty_space height=\u00a0\u00bb20px\u00a0\u00bb]<style type=\"text\/css\">.thegem-button-69dcdea6341602848.lazy-loading-before-start-animation .lazy-loading-item {opacity: 0;} body.thegem-effects-disabled .thegem-button-69dcdea6341602848.lazy-loading-before-start-animation .lazy-loading-item {opacity: 1;}<\/style><style type=\"text\/css\">.thegem-button-69dcdea6341602848 .gem-button svg {fill: #e40521;}.thegem-button-69dcdea6341602848 .gem-button:hover svg {fill: #ffffff;}<\/style><div class=\"gem-button-container gem-button-position-left thegem-button-69dcdea6341602848     lazy-loading lazy-loading-before-start-animation\"  ><a class=\"gem-button gem-button-size-medium gem-button-style-outline gem-button-text-weight-normal gem-button-border-2 gem-button-no-uppercase lazy-loading-item\" data-ll-effect=\"drop-right-without-wrap\" style=\"border-radius: 30px;border-color: #e40521;color: #e40521;\" onmouseleave=\"this.style.borderColor='#e40521';this.style.backgroundColor='transparent';this.style.color='#e40521';\" onmouseenter=\"this.style.borderColor='#e40521';this.style.backgroundColor='#e40521';this.style.color='#ffffff';\" href=\"\/fr\/departements\/departement-couleur-et-vision\/\" target=\"_self\">D\u00e9couvrir<\/a><\/div> [\/vc_column][\/vc_row][vc_row gap=\u00a0\u00bb30&Prime; equal_height=\u00a0\u00bbyes\u00a0\u00bb content_placement=\u00a0\u00bbmiddle\u00a0\u00bb][vc_column width=\u00a0\u00bb1\/4&Prime;][vc_single_image image=\u00a0\u00bb1545&Prime; img_size=\u00a0\u00bbmedium\u00a0\u00bb onclick=\u00a0\u00bbcustom_link\u00a0\u00bb interactions_enabled=\u00a0\u00bb1&Prime; mouse_effects=\u00a0\u00bb1&Prime; mouse_effects_speed=\u00a0\u00bb0.3&Prime; disable_effects_tablet=\u00a0\u00bb1&Prime; disable_effects_mobile=\u00a0\u00bb1&Prime; css_animation=\u00a0\u00bbbottom-to-top\u00a0\u00bb link=\u00a0\u00bb\/fr\/departements\/departement-bulk-solids\/\u00a0\u00bb][\/vc_column][vc_column width=\u00a0\u00bb1\/6&Prime; offset=\u00a0\u00bbvc_hidden-xs\u00a0\u00bb][\/vc_column][vc_column width=\u00a0\u00bb7\/12&Prime;]<div class=\"thegem-te-heading thegem-custom-69dcdea6341ef6871\" ><h2 id=\"thegem-heading-69dcdea6341d6\" class=\"thegem-heading title-h2 words-slide-up thegem-heading-animate\" style=\"text-align: left;\" ><a href=\"\/fr\/departements\/departement-bulk-solids\/\" title=\"D\u00e9partement Bulk Solids\"><span class=\"thegem-heading-word-wrap\"><span class=\"thegem-heading-word\" style=\"animation-delay: 60ms\">D\u00e9partement<\/span><\/span> <span class=\"thegem-heading-word-wrap\"><span class=\"thegem-heading-word\" style=\"animation-delay: 120ms\">Bulk<\/span><\/span> <span class=\"thegem-heading-word-wrap\"><span class=\"thegem-heading-word\" style=\"animation-delay: 180ms\">Solids<\/span><\/span><\/a><\/h2><style type=\"text\/css\">#thegem-heading-69dcdea6341d6 {margin: 0;}#thegem-heading-69dcdea6341d6 a:hover, #thegem-heading-69dcdea6341d6 a:hover span.colored {color: var(--thegem-to-menu-level1-color-hover, #00BCD4) !important;}<\/style><\/div><style>@media screen and (max-width: 1023px) {.thegem-te-heading.thegem-custom-69dcdea6341ef6871{display: block!important;}}@media screen and (max-width: 767px) {.thegem-te-heading.thegem-custom-69dcdea6341ef6871{display: block!important;}}@media screen and (max-width: 1023px) {.thegem-te-heading.thegem-custom-69dcdea6341ef6871{position: relative !important;}}@media screen and (max-width: 767px) {.thegem-te-heading.thegem-custom-69dcdea6341ef6871{position: relative !important;}}<\/style>[vc_column_text css_animation=\u00a0\u00bbright-to-left\u00a0\u00bb]Avec plus de 40 ans d\u2019exp\u00e9rience dans le Vrac Solide, le d\u00e9partement Bulk Solids est sp\u00e9cialiste dans les domaines de l\u2019Instrumentation, du Chargement, de l\u2019\u00c9chantillonnage &amp; Analyse, des Joints de fours rotatifs et du tri automatique des boulets de broyage.[\/vc_column_text][vc_empty_space height=\u00a0\u00bb20px\u00a0\u00bb]<style type=\"text\/css\">.thegem-button-69dcdea6342302079.lazy-loading-before-start-animation .lazy-loading-item {opacity: 0;} body.thegem-effects-disabled .thegem-button-69dcdea6342302079.lazy-loading-before-start-animation .lazy-loading-item {opacity: 1;}<\/style><style type=\"text\/css\">.thegem-button-69dcdea6342302079 .gem-button svg {fill: #e40521;}.thegem-button-69dcdea6342302079 .gem-button:hover svg {fill: #ffffff;}<\/style><div class=\"gem-button-container gem-button-position-left thegem-button-69dcdea6342302079     lazy-loading lazy-loading-before-start-animation\"  ><a class=\"gem-button gem-button-size-medium gem-button-style-outline gem-button-text-weight-normal gem-button-border-2 gem-button-no-uppercase lazy-loading-item\" data-ll-effect=\"drop-right-without-wrap\" style=\"border-radius: 30px;border-color: #e40521;color: #e40521;\" onmouseleave=\"this.style.borderColor='#e40521';this.style.backgroundColor='transparent';this.style.color='#e40521';\" onmouseenter=\"this.style.borderColor='#e40521';this.style.backgroundColor='#e40521';this.style.color='#ffffff';\" href=\"\/fr\/departements\/departement-bulk-solids\/\" target=\"_self\">D\u00e9couvrir<\/a><\/div> [\/vc_column][\/vc_row]<\/p>\n<\/div>","protected":false},"excerpt":{"rendered":"<p>[vc_row disable_element=\u00a0\u00bbyes\u00a0\u00bb][vc_column][vc_column_text] D\u00e9couvrez comment les solutions de nos 3 d\u00e9partements sont devenues indispensables au bon fonctionnement des ateliers de nos&#8230;<\/p>\n","protected":false},"author":2,"featured_media":0,"parent":0,"menu_order":3,"comment_status":"closed","ping_status":"closed","template":"","meta":{"footnotes":""},"class_list":["post-1225","page","type-page","status-publish"],"yoast_head":"<!-- This site is optimized with the Yoast SEO plugin v26.6 - https:\/\/yoast.com\/wordpress\/plugins\/seo\/ -->\n<title>D\u00e9partements - ITECA SOCADEI<\/title>\n<meta name=\"robots\" content=\"index, follow, max-snippet:-1, max-image-preview:large, max-video-preview:-1\" \/>\n<link rel=\"canonical\" href=\"https:\/\/www.iteca.fr\/fr\/departements\/\" \/>\n<meta property=\"og:locale\" content=\"fr_FR\" \/>\n<meta property=\"og:type\" content=\"article\" \/>\n<meta property=\"og:title\" content=\"D\u00e9partements - ITECA SOCADEI\" \/>\n<meta property=\"og:description\" content=\"[vc_row disable_element=\u00a0\u00bbyes\u00a0\u00bb][vc_column][vc_column_text] D\u00e9couvrez comment les solutions de nos 3 d\u00e9partements sont devenues indispensables au bon fonctionnement des ateliers de nos...\" \/>\n<meta property=\"og:url\" content=\"https:\/\/www.iteca.fr\/fr\/departements\/\" \/>\n<meta property=\"og:site_name\" content=\"ITECA SOCADEI\" \/>\n<meta property=\"article:modified_time\" content=\"2022-06-17T14:51:40+00:00\" \/>\n<meta name=\"twitter:card\" content=\"summary_large_image\" \/>\n<meta name=\"twitter:label1\" content=\"Dur\u00e9e de lecture estim\u00e9e\" \/>\n\t<meta name=\"twitter:data1\" content=\"5 minutes\" \/>\n<script type=\"application\/ld+json\" class=\"yoast-schema-graph\">{\"@context\":\"https:\/\/schema.org\",\"@graph\":[{\"@type\":\"WebPage\",\"@id\":\"https:\/\/www.iteca.fr\/fr\/departements\/\",\"url\":\"https:\/\/www.iteca.fr\/fr\/departements\/\",\"name\":\"D\u00e9partements - ITECA SOCADEI\",\"isPartOf\":{\"@id\":\"https:\/\/www.iteca.fr\/fr\/#website\"},\"datePublished\":\"2021-10-12T07:32:19+00:00\",\"dateModified\":\"2022-06-17T14:51:40+00:00\",\"breadcrumb\":{\"@id\":\"https:\/\/www.iteca.fr\/fr\/departements\/#breadcrumb\"},\"inLanguage\":\"fr-FR\",\"potentialAction\":[{\"@type\":\"ReadAction\",\"target\":[\"https:\/\/www.iteca.fr\/fr\/departements\/\"]}]},{\"@type\":\"BreadcrumbList\",\"@id\":\"https:\/\/www.iteca.fr\/fr\/departements\/#breadcrumb\",\"itemListElement\":[{\"@type\":\"ListItem\",\"position\":1,\"name\":\"Accueil\",\"item\":\"https:\/\/www.iteca.fr\/fr\/\"},{\"@type\":\"ListItem\",\"position\":2,\"name\":\"D\u00e9partements\"}]},{\"@type\":\"WebSite\",\"@id\":\"https:\/\/www.iteca.fr\/fr\/#website\",\"url\":\"https:\/\/www.iteca.fr\/fr\/\",\"name\":\"ITECA SOCADEI\",\"description\":\"Vos process, nos solutions\",\"potentialAction\":[{\"@type\":\"SearchAction\",\"target\":{\"@type\":\"EntryPoint\",\"urlTemplate\":\"https:\/\/www.iteca.fr\/fr\/?s={search_term_string}\"},\"query-input\":{\"@type\":\"PropertyValueSpecification\",\"valueRequired\":true,\"valueName\":\"search_term_string\"}}],\"inLanguage\":\"fr-FR\"}]}<\/script>\n<!-- \/ Yoast SEO plugin. -->","yoast_head_json":{"title":"D\u00e9partements - ITECA SOCADEI","robots":{"index":"index","follow":"follow","max-snippet":"max-snippet:-1","max-image-preview":"max-image-preview:large","max-video-preview":"max-video-preview:-1"},"canonical":"https:\/\/www.iteca.fr\/fr\/departements\/","og_locale":"fr_FR","og_type":"article","og_title":"D\u00e9partements - ITECA SOCADEI","og_description":"[vc_row disable_element=\u00a0\u00bbyes\u00a0\u00bb][vc_column][vc_column_text] D\u00e9couvrez comment les solutions de nos 3 d\u00e9partements sont devenues indispensables au bon fonctionnement des ateliers de nos...","og_url":"https:\/\/www.iteca.fr\/fr\/departements\/","og_site_name":"ITECA SOCADEI","article_modified_time":"2022-06-17T14:51:40+00:00","twitter_card":"summary_large_image","twitter_misc":{"Dur\u00e9e de lecture estim\u00e9e":"5 minutes"},"schema":{"@context":"https:\/\/schema.org","@graph":[{"@type":"WebPage","@id":"https:\/\/www.iteca.fr\/fr\/departements\/","url":"https:\/\/www.iteca.fr\/fr\/departements\/","name":"D\u00e9partements - ITECA SOCADEI","isPartOf":{"@id":"https:\/\/www.iteca.fr\/fr\/#website"},"datePublished":"2021-10-12T07:32:19+00:00","dateModified":"2022-06-17T14:51:40+00:00","breadcrumb":{"@id":"https:\/\/www.iteca.fr\/fr\/departements\/#breadcrumb"},"inLanguage":"fr-FR","potentialAction":[{"@type":"ReadAction","target":["https:\/\/www.iteca.fr\/fr\/departements\/"]}]},{"@type":"BreadcrumbList","@id":"https:\/\/www.iteca.fr\/fr\/departements\/#breadcrumb","itemListElement":[{"@type":"ListItem","position":1,"name":"Accueil","item":"https:\/\/www.iteca.fr\/fr\/"},{"@type":"ListItem","position":2,"name":"D\u00e9partements"}]},{"@type":"WebSite","@id":"https:\/\/www.iteca.fr\/fr\/#website","url":"https:\/\/www.iteca.fr\/fr\/","name":"ITECA SOCADEI","description":"Vos process, nos solutions","potentialAction":[{"@type":"SearchAction","target":{"@type":"EntryPoint","urlTemplate":"https:\/\/www.iteca.fr\/fr\/?s={search_term_string}"},"query-input":{"@type":"PropertyValueSpecification","valueRequired":true,"valueName":"search_term_string"}}],"inLanguage":"fr-FR"}]}},"publishpress_future_workflow_manual_trigger":{"enabledWorkflows":[]},"_links":{"self":[{"href":"https:\/\/www.iteca.fr\/fr\/wp-json\/wp\/v2\/pages\/1225","targetHints":{"allow":["GET"]}}],"collection":[{"href":"https:\/\/www.iteca.fr\/fr\/wp-json\/wp\/v2\/pages"}],"about":[{"href":"https:\/\/www.iteca.fr\/fr\/wp-json\/wp\/v2\/types\/page"}],"author":[{"embeddable":true,"href":"https:\/\/www.iteca.fr\/fr\/wp-json\/wp\/v2\/users\/2"}],"replies":[{"embeddable":true,"href":"https:\/\/www.iteca.fr\/fr\/wp-json\/wp\/v2\/comments?post=1225"}],"version-history":[{"count":14,"href":"https:\/\/www.iteca.fr\/fr\/wp-json\/wp\/v2\/pages\/1225\/revisions"}],"predecessor-version":[{"id":25178,"href":"https:\/\/www.iteca.fr\/fr\/wp-json\/wp\/v2\/pages\/1225\/revisions\/25178"}],"wp:attachment":[{"href":"https:\/\/www.iteca.fr\/fr\/wp-json\/wp\/v2\/media?parent=1225"}],"curies":[{"name":"wp","href":"https:\/\/api.w.org\/{rel}","templated":true}]}}