{"id":25617,"date":"2021-11-01T17:18:24","date_gmt":"2021-11-01T16:18:24","guid":{"rendered":"https:\/\/www.iteca.fr\/our-company\/history\/"},"modified":"2023-06-05T10:11:20","modified_gmt":"2023-06-05T08:11:20","slug":"history","status":"publish","type":"page","link":"https:\/\/www.iteca.fr\/en\/our-company\/history\/","title":{"rendered":"History"},"content":{"rendered":"<div class=\"wpb-content-wrapper\"><p>[vc_row full_width=&#8221;stretch_row&#8221; gap=&#8221;30&#8243; content_placement=&#8221;middle&#8221;][vc_column][vc_column_text css_animation=&#8221;top-to-bottom&#8221;]<\/p>\n<div class=\"title-h1\">Origins<\/div>\n<p>[\/vc_column_text][vc_column_text css_animation=&#8221;right-to-left&#8221; css=&#8221;.vc_custom_1637753969863{margin-left: 50px !important;}&#8221;]<\/p>\n<div class=\"title-h2\">A unique industrial group<\/div>\n<p>[\/vc_column_text]<div class=\"quickfinder quickfinder-style-vertical-4 quickfinder-style-vertical quickfinder-icon-position-top quickfinder-alignment-center quickfinder-title-bold\"><div id=\"post-25358\" data-ll-finish-delay=\"200\" class=\"quickfinder-item odd quickfinder-item-effect-border-reverse medium lazy-loading post-25358 thegem_qf_item type-thegem_qf_item status-publish\" data-ll-item-delay=\"0\"> <div class=\"quickfinder-item-info-wrapper\"> <div class=\"connector\" style=\"border-color: #9d9d9c; right: -41.5px;\"><\/div> <div class=\"quickfinder-item-info lazy-loading-item\" data-ll-item-delay=\"200\" data-ll-effect=\"fading\"> <div style=\"display: block; min-height: 250px;\"> <div class=\"quickfinder-item-title\" style=\"color: #e40523;\">1913<\/div> <div class=\"quickfinder-item-text\" style=\"color: #9D9D9C ;\">Construction of a new cement group in Marseille: Soci\u00e9t\u00e9 Coloniale des Chaux et Ciments Portland de Marseille, better known as \"Ciments de Marseille\".<\/div> <\/div> <\/div> <\/div> <div class=\"quickfinder-item-image\"> <div class=\"quickfinder-item-image-content lazy-loading-item\" data-ll-item-delay=\"0\" data-ll-effect=\"clip\"> <div class=\"quickfinder-item-image-wrapper quickfinder-item-picture quickfinder-item-image-shape-circle\" style=\"<br \/>\n<b>Warning<\/b>: Undefined variable $thegem_icon_css_style in <b>\/home\/clients\/1264043d4048f3aa75a5419ca6061f75\/web\/NEW\/wp-content\/themes\/thegem\/gem-templates\/quickfinders\/content-quickfinder-item-vertical-4.php<\/b> on line <b>111<\/b><br \/>\n\"> <span class=\"gem-dummy quickfinder-img-size-medium\"><\/span> <\/div> <\/div> <\/div> <\/div>\n<div id=\"post-25359\" data-ll-finish-delay=\"200\" class=\"quickfinder-item even quickfinder-item-effect-border-reverse medium lazy-loading post-25359 thegem_qf_item type-thegem_qf_item status-publish\" data-ll-item-delay=\"0\"> <div class=\"quickfinder-item-image\"> <div class=\"quickfinder-item-image-content lazy-loading-item\" data-ll-item-delay=\"0\" data-ll-effect=\"clip\"> <div class=\"quickfinder-item-image-wrapper quickfinder-item-picture quickfinder-item-image-shape-circle\" style=\"<br \/>\n<b>Warning<\/b>: Undefined variable $thegem_icon_css_style in <b>\/home\/clients\/1264043d4048f3aa75a5419ca6061f75\/web\/NEW\/wp-content\/themes\/thegem\/gem-templates\/quickfinders\/content-quickfinder-item-vertical-4.php<\/b> on line <b>111<\/b><br \/>\n\"> <span class=\"gem-dummy quickfinder-img-size-medium\"><\/span> <\/div> <\/div> <\/div> <div class=\"quickfinder-item-info-wrapper\"> <div class=\"connector\" style=\"border-color: #9d9d9c; left: -41.5px;\"><\/div> <div class=\"quickfinder-item-info lazy-loading-item\" data-ll-item-delay=\"200\" data-ll-effect=\"fading\"> <div style=\"display: block; min-height: 250px;\"> <div class=\"quickfinder-item-title\" style=\"color: #e40523;\">1949<\/div> <div class=\"quickfinder-item-text\" style=\"color: #9D9D9C ;\">Creation of SOCADEI (SOCi\u00e9t\u00e9 Approvisionnement et de D\u00e9veloppement Industriel), a subsidiary of Ciments de Marseille, its main objective is to provide technical assistance to the group's plants worldwide. From 1949 to 1969 SOCADEI develops its own range of equipment.<\/div> <\/div> <\/div> <\/div> <\/div>\n<div id=\"post-25360\" data-ll-finish-delay=\"200\" class=\"quickfinder-item odd quickfinder-item-effect-border-reverse medium lazy-loading post-25360 thegem_qf_item type-thegem_qf_item status-publish\" data-ll-item-delay=\"0\"> <div class=\"quickfinder-item-info-wrapper\"> <div class=\"connector\" style=\"border-color: #9d9d9c; right: -41.5px;\"><\/div> <div class=\"quickfinder-item-info lazy-loading-item\" data-ll-item-delay=\"200\" data-ll-effect=\"fading\"> <div style=\"display: block; min-height: 250px;\"> <div class=\"quickfinder-item-title\" style=\"color: #e40523;\">1969<\/div> <div class=\"quickfinder-item-text\" style=\"color: #9D9D9C ;\">Acquisition of Ciments de Marseille by Lafarge. SOCADEI continues to expand its product range for the cement industry.<\/div> <\/div> <\/div> <\/div> <div class=\"quickfinder-item-image\"> <div class=\"quickfinder-item-image-content lazy-loading-item\" data-ll-item-delay=\"0\" data-ll-effect=\"clip\"> <div class=\"quickfinder-item-image-wrapper quickfinder-item-picture quickfinder-item-image-shape-circle\" style=\"<br \/>\n<b>Warning<\/b>: Undefined variable $thegem_icon_css_style in <b>\/home\/clients\/1264043d4048f3aa75a5419ca6061f75\/web\/NEW\/wp-content\/themes\/thegem\/gem-templates\/quickfinders\/content-quickfinder-item-vertical-4.php<\/b> on line <b>111<\/b><br \/>\n\"> <span class=\"gem-dummy quickfinder-img-size-medium\"><\/span> <\/div> <\/div> <\/div> <\/div>\n<div id=\"post-25361\" data-ll-finish-delay=\"200\" class=\"quickfinder-item even quickfinder-item-effect-border-reverse medium lazy-loading post-25361 thegem_qf_item type-thegem_qf_item status-publish\" data-ll-item-delay=\"0\"> <div class=\"quickfinder-item-image\"> <div class=\"quickfinder-item-image-content lazy-loading-item\" data-ll-item-delay=\"0\" data-ll-effect=\"clip\"> <div class=\"quickfinder-item-image-wrapper quickfinder-item-picture quickfinder-item-image-shape-circle\" style=\"<br \/>\n<b>Warning<\/b>: Undefined variable $thegem_icon_css_style in <b>\/home\/clients\/1264043d4048f3aa75a5419ca6061f75\/web\/NEW\/wp-content\/themes\/thegem\/gem-templates\/quickfinders\/content-quickfinder-item-vertical-4.php<\/b> on line <b>111<\/b><br \/>\n\"> <span class=\"gem-dummy quickfinder-img-size-medium\"><\/span> <\/div> <\/div> <\/div> <div class=\"quickfinder-item-info-wrapper\"> <div class=\"connector\" style=\"border-color: #9d9d9c; left: -41.5px;\"><\/div> <div class=\"quickfinder-item-info lazy-loading-item\" data-ll-item-delay=\"200\" data-ll-effect=\"fading\"> <div style=\"display: block; min-height: 250px;\"> <div class=\"quickfinder-item-title\" style=\"color: #e40523;\">1974<\/div> <div class=\"quickfinder-item-text\" style=\"color: #9D9D9C ;\">Creation of LCE (Lafarge Conseils et Etudes), located in Marseille, into which SOCADEI is integrated. Its know-how is used not only in the Lafarge group but also begins to be used in other cement groups. It was at this time that the first white cement coolers were developed and installed (France, Canada, Lebanon) as well as the very first kiln seal.<\/div> <\/div> <\/div> <\/div> <\/div>\n<div id=\"post-25362\" data-ll-finish-delay=\"200\" class=\"quickfinder-item odd quickfinder-item-effect-border-reverse medium lazy-loading post-25362 thegem_qf_item type-thegem_qf_item status-publish\" data-ll-item-delay=\"0\"> <div class=\"quickfinder-item-info-wrapper\"> <div class=\"connector\" style=\"border-color: #9d9d9c; right: -41.5px;\"><\/div> <div class=\"quickfinder-item-info lazy-loading-item\" data-ll-item-delay=\"200\" data-ll-effect=\"fading\"> <div style=\"display: block; min-height: 250px;\"> <div class=\"quickfinder-item-title\" style=\"color: #e40523;\">The Eighties<\/div> <div class=\"quickfinder-item-text\" style=\"color: #9D9D9C ;\">Development of the first systems for sampling, transport and quantification of free lime in clinker.<\/div> <\/div> <\/div> <\/div> <div class=\"quickfinder-item-image\"> <div class=\"quickfinder-item-image-content lazy-loading-item\" data-ll-item-delay=\"0\" data-ll-effect=\"clip\"> <div class=\"quickfinder-item-image-wrapper quickfinder-item-picture quickfinder-item-image-shape-circle\" style=\"<br \/>\n<b>Warning<\/b>: Undefined variable $thegem_icon_css_style in <b>\/home\/clients\/1264043d4048f3aa75a5419ca6061f75\/web\/NEW\/wp-content\/themes\/thegem\/gem-templates\/quickfinders\/content-quickfinder-item-vertical-4.php<\/b> on line <b>111<\/b><br \/>\n\"> <span class=\"gem-dummy quickfinder-img-size-medium\"><\/span> <\/div> <\/div> <\/div> <\/div>\n<div id=\"post-25363\" data-ll-finish-delay=\"200\" class=\"quickfinder-item even quickfinder-item-effect-border-reverse medium lazy-loading post-25363 thegem_qf_item type-thegem_qf_item status-publish\" data-ll-item-delay=\"0\"> <div class=\"quickfinder-item-image\"> <div class=\"quickfinder-item-image-content lazy-loading-item\" data-ll-item-delay=\"0\" data-ll-effect=\"clip\"> <div class=\"quickfinder-item-image-wrapper quickfinder-item-picture quickfinder-item-image-shape-circle\" style=\"<br \/>\n<b>Warning<\/b>: Undefined variable $thegem_icon_css_style in <b>\/home\/clients\/1264043d4048f3aa75a5419ca6061f75\/web\/NEW\/wp-content\/themes\/thegem\/gem-templates\/quickfinders\/content-quickfinder-item-vertical-4.php<\/b> on line <b>111<\/b><br \/>\n\"> <span class=\"gem-dummy quickfinder-img-size-medium\"><\/span> <\/div> <\/div> <\/div> <div class=\"quickfinder-item-info-wrapper\"> <div class=\"connector\" style=\"border-color: #9d9d9c; left: -41.5px;\"><\/div> <div class=\"quickfinder-item-info lazy-loading-item\" data-ll-item-delay=\"200\" data-ll-effect=\"fading\"> <div style=\"display: block; min-height: 250px;\"> <div class=\"quickfinder-item-title\" style=\"color: #e40523;\">1985<\/div> <div class=\"quickfinder-item-text\" style=\"color: #9D9D9C ;\">The Lafarge group terminates LCE and its equipment division becomes ITECA (Innovation TEchnique Capteurs Automatisme) which takes possession of many Lafarge patents. Development of the first loss on ignition analyser.<\/div> <\/div> <\/div> <\/div> <\/div>\n<div id=\"post-25364\" data-ll-finish-delay=\"200\" class=\"quickfinder-item odd quickfinder-item-effect-border-reverse medium lazy-loading post-25364 thegem_qf_item type-thegem_qf_item status-publish\" data-ll-item-delay=\"0\"> <div class=\"quickfinder-item-info-wrapper\"> <div class=\"connector\" style=\"border-color: #9d9d9c; right: -41.5px;\"><\/div> <div class=\"quickfinder-item-info lazy-loading-item\" data-ll-item-delay=\"200\" data-ll-effect=\"fading\"> <div style=\"display: block; min-height: 250px;\"> <div class=\"quickfinder-item-title\" style=\"color: #e40523;\">1990<\/div> <div class=\"quickfinder-item-text\" style=\"color: #9D9D9C ;\">Mr Anis HAIDER joins ITECA as Managing Director reporting directly to Lafarge management.<\/div> <\/div> <\/div> <\/div> <div class=\"quickfinder-item-image\"> <div class=\"quickfinder-item-image-content lazy-loading-item\" data-ll-item-delay=\"0\" data-ll-effect=\"clip\"> <div class=\"quickfinder-item-image-wrapper quickfinder-item-picture quickfinder-item-image-shape-circle\" style=\"<br \/>\n<b>Warning<\/b>: Undefined variable $thegem_icon_css_style in <b>\/home\/clients\/1264043d4048f3aa75a5419ca6061f75\/web\/NEW\/wp-content\/themes\/thegem\/gem-templates\/quickfinders\/content-quickfinder-item-vertical-4.php<\/b> on line <b>111<\/b><br \/>\n\"> <span class=\"gem-dummy quickfinder-img-size-medium\"><\/span> <\/div> <\/div> <\/div> <\/div>\n<div id=\"post-25365\" data-ll-finish-delay=\"200\" class=\"quickfinder-item even quickfinder-item-effect-border-reverse medium lazy-loading post-25365 thegem_qf_item type-thegem_qf_item status-publish\" data-ll-item-delay=\"0\"> <div class=\"quickfinder-item-image\"> <div class=\"quickfinder-item-image-content lazy-loading-item\" data-ll-item-delay=\"0\" data-ll-effect=\"clip\"> <div class=\"quickfinder-item-image-wrapper quickfinder-item-picture quickfinder-item-image-shape-circle\" style=\"<br \/>\n<b>Warning<\/b>: Undefined variable $thegem_icon_css_style in <b>\/home\/clients\/1264043d4048f3aa75a5419ca6061f75\/web\/NEW\/wp-content\/themes\/thegem\/gem-templates\/quickfinders\/content-quickfinder-item-vertical-4.php<\/b> on line <b>111<\/b><br \/>\n\"> <span class=\"gem-dummy quickfinder-img-size-medium\"><\/span> <\/div> <\/div> <\/div> <div class=\"quickfinder-item-info-wrapper\"> <div class=\"connector\" style=\"border-color: #9d9d9c; left: -41.5px;\"><\/div> <div class=\"quickfinder-item-info lazy-loading-item\" data-ll-item-delay=\"200\" data-ll-effect=\"fading\"> <div style=\"display: block; min-height: 250px;\"> <div class=\"quickfinder-item-title\" style=\"color: #e40523;\">1993<\/div> <div class=\"quickfinder-item-text\" style=\"color: #9D9D9C ;\">Takeover of the company by Mr Anis HAIDER.<\/div> <\/div> <\/div> <\/div> <\/div>\n<\/div>[\/vc_column][\/vc_row][vc_row full_width=&#8221;stretch_row&#8221; gap=&#8221;30&#8243; content_placement=&#8221;middle&#8221; css=&#8221;.vc_custom_1635279074751{margin-top: -200px !important;}&#8221;][vc_column][vc_empty_space height=&#8221;100px&#8221;][vc_column_text css_animation=&#8221;top-to-bottom&#8221;]<\/p>\n<div class=\"title-h1\">The 2000 &#8216;s<\/div>\n<p>[\/vc_column_text][vc_column_text css_animation=&#8221;right-to-left&#8221; css=&#8221;.vc_custom_1635783498471{margin-left: 50px !important;}&#8221;]<\/p>\n<div class=\"title-h2\">Changing course for the 21<sup>st<\/sup> century<\/div>\n<p>[\/vc_column_text]<div class=\"quickfinder quickfinder-style-vertical-4 quickfinder-style-vertical quickfinder-icon-position-top quickfinder-alignment-center quickfinder-title-bold\"><div id=\"post-25366\" data-ll-finish-delay=\"200\" class=\"quickfinder-item odd quickfinder-item-effect-border-reverse medium lazy-loading post-25366 thegem_qf_item type-thegem_qf_item status-publish\" data-ll-item-delay=\"0\"> <div class=\"quickfinder-item-info-wrapper\"> <div class=\"connector\" style=\"border-color: #9d9d9c; right: -41.5px;\"><\/div> <div class=\"quickfinder-item-info lazy-loading-item\" data-ll-item-delay=\"200\" data-ll-effect=\"fading\"> <div style=\"display: block; min-height: 250px;\"> <div class=\"quickfinder-item-title\" style=\"color: #e40523;\">2000<\/div> <div class=\"quickfinder-item-text\" style=\"color: #9D9D9C ;\">Creation of the Indian subsidiary Iteca Instruments Pvt. Ltd, located in Chennai.<br \/>\nThe objective of this subsidiary is to address the Indian market, particularly that of kiln seals, with local manufacturing.<\/div> <\/div> <\/div> <\/div> <div class=\"quickfinder-item-image\"> <div class=\"quickfinder-item-image-content lazy-loading-item\" data-ll-item-delay=\"0\" data-ll-effect=\"clip\"> <div class=\"quickfinder-item-image-wrapper quickfinder-item-picture quickfinder-item-image-shape-circle\" style=\"<br \/>\n<b>Warning<\/b>: Undefined variable $thegem_icon_css_style in <b>\/home\/clients\/1264043d4048f3aa75a5419ca6061f75\/web\/NEW\/wp-content\/themes\/thegem\/gem-templates\/quickfinders\/content-quickfinder-item-vertical-4.php<\/b> on line <b>111<\/b><br \/>\n\"> <span class=\"gem-dummy quickfinder-img-size-medium\"><\/span> <\/div> <\/div> <\/div> <\/div>\n<div id=\"post-25367\" data-ll-finish-delay=\"200\" class=\"quickfinder-item even quickfinder-item-effect-border-reverse medium lazy-loading post-25367 thegem_qf_item type-thegem_qf_item status-publish\" data-ll-item-delay=\"0\"> <div class=\"quickfinder-item-image\"> <div class=\"quickfinder-item-image-content lazy-loading-item\" data-ll-item-delay=\"0\" data-ll-effect=\"clip\"> <div class=\"quickfinder-item-image-wrapper quickfinder-item-picture quickfinder-item-image-shape-circle\" style=\"<br \/>\n<b>Warning<\/b>: Undefined variable $thegem_icon_css_style in <b>\/home\/clients\/1264043d4048f3aa75a5419ca6061f75\/web\/NEW\/wp-content\/themes\/thegem\/gem-templates\/quickfinders\/content-quickfinder-item-vertical-4.php<\/b> on line <b>111<\/b><br \/>\n\"> <span class=\"gem-dummy quickfinder-img-size-medium\"><\/span> <\/div> <\/div> <\/div> <div class=\"quickfinder-item-info-wrapper\"> <div class=\"connector\" style=\"border-color: #9d9d9c; left: -41.5px;\"><\/div> <div class=\"quickfinder-item-info lazy-loading-item\" data-ll-item-delay=\"200\" data-ll-effect=\"fading\"> <div style=\"display: block; min-height: 250px;\"> <div class=\"quickfinder-item-title\" style=\"color: #e40523;\">2004<\/div> <div class=\"quickfinder-item-text\" style=\"color: #9D9D9C ;\">Integration of key personnel from Chromasys who join ITECA to start the sugar and mineral industries activity and founding of the Colour & Vision Department devoted to sugar and mineral industries.<\/div> <\/div> <\/div> <\/div> <\/div>\n<div id=\"post-25368\" data-ll-finish-delay=\"200\" class=\"quickfinder-item odd quickfinder-item-effect-border-reverse medium lazy-loading post-25368 thegem_qf_item type-thegem_qf_item status-publish\" data-ll-item-delay=\"0\"> <div class=\"quickfinder-item-info-wrapper\"> <div class=\"connector\" style=\"border-color: #9d9d9c; right: -41.5px;\"><\/div> <div class=\"quickfinder-item-info lazy-loading-item\" data-ll-item-delay=\"200\" data-ll-effect=\"fading\"> <div style=\"display: block; min-height: 250px;\"> <div class=\"quickfinder-item-title\" style=\"color: #e40523;\">2012<\/div> <div class=\"quickfinder-item-text\" style=\"color: #9D9D9C ;\">Acquisition of SODEMI (bought to Bureau Veritas) and integration of its range of sample preparation systems (mills and presses).<\/div> <\/div> <\/div> <\/div> <div class=\"quickfinder-item-image\"> <div class=\"quickfinder-item-image-content lazy-loading-item\" data-ll-item-delay=\"0\" data-ll-effect=\"clip\"> <div class=\"quickfinder-item-image-wrapper quickfinder-item-picture quickfinder-item-image-shape-circle\" style=\"<br \/>\n<b>Warning<\/b>: Undefined variable $thegem_icon_css_style in <b>\/home\/clients\/1264043d4048f3aa75a5419ca6061f75\/web\/NEW\/wp-content\/themes\/thegem\/gem-templates\/quickfinders\/content-quickfinder-item-vertical-4.php<\/b> on line <b>111<\/b><br \/>\n\"> <span class=\"gem-dummy quickfinder-img-size-medium\"><\/span> <\/div> <\/div> <\/div> <\/div>\n<div id=\"post-25369\" data-ll-finish-delay=\"200\" class=\"quickfinder-item even quickfinder-item-effect-border-reverse medium lazy-loading post-25369 thegem_qf_item type-thegem_qf_item status-publish\" data-ll-item-delay=\"0\"> <div class=\"quickfinder-item-image\"> <div class=\"quickfinder-item-image-content lazy-loading-item\" data-ll-item-delay=\"0\" data-ll-effect=\"clip\"> <div class=\"quickfinder-item-image-wrapper quickfinder-item-picture quickfinder-item-image-shape-circle\" style=\"<br \/>\n<b>Warning<\/b>: Undefined variable $thegem_icon_css_style in <b>\/home\/clients\/1264043d4048f3aa75a5419ca6061f75\/web\/NEW\/wp-content\/themes\/thegem\/gem-templates\/quickfinders\/content-quickfinder-item-vertical-4.php<\/b> on line <b>111<\/b><br \/>\n\"> <span class=\"gem-dummy quickfinder-img-size-medium\"><\/span> <\/div> <\/div> <\/div> <div class=\"quickfinder-item-info-wrapper\"> <div class=\"connector\" style=\"border-color: #9d9d9c; left: -41.5px;\"><\/div> <div class=\"quickfinder-item-info lazy-loading-item\" data-ll-item-delay=\"200\" data-ll-effect=\"fading\"> <div style=\"display: block; min-height: 250px;\"> <div class=\"quickfinder-item-title\" style=\"color: #e40523;\">2021<\/div> <div class=\"quickfinder-item-text\" style=\"color: #9D9D9C ;\">Joint Venture in China.<\/div> <\/div> <\/div> <\/div> <\/div>\n<\/div>[\/vc_column][\/vc_row]<\/p>\n<\/div>","protected":false},"excerpt":{"rendered":"<p>[vc_row full_width=&#8221;stretch_row&#8221; gap=&#8221;30&#8243; content_placement=&#8221;middle&#8221;][vc_column][vc_column_text css_animation=&#8221;top-to-bottom&#8221;] Origins [\/vc_column_text][vc_column_text css_animation=&#8221;right-to-left&#8221; css=&#8221;.vc_custom_1637753969863{margin-left: 50px !important;}&#8221;] A unique industrial group [\/vc_column_text][\/vc_column][\/vc_row][vc_row full_width=&#8221;stretch_row&#8221; gap=&#8221;30&#8243; content_placement=&#8221;middle&#8221; css=&#8221;.vc_custom_1635279074751{margin-top:&#8230;<\/p>\n","protected":false},"author":2,"featured_media":0,"parent":25448,"menu_order":4,"comment_status":"closed","ping_status":"closed","template":"","meta":{"footnotes":""},"class_list":["post-25617","page","type-page","status-publish"],"yoast_head":"<!-- This site is optimized with the Yoast SEO plugin v26.6 - https:\/\/yoast.com\/wordpress\/plugins\/seo\/ -->\n<title>History - ITECA SOCADEI<\/title>\n<meta name=\"robots\" content=\"index, follow, max-snippet:-1, max-image-preview:large, max-video-preview:-1\" \/>\n<link rel=\"canonical\" href=\"https:\/\/www.iteca.fr\/en\/our-company\/history\/\" \/>\n<meta property=\"og:locale\" content=\"en_US\" \/>\n<meta property=\"og:type\" content=\"article\" \/>\n<meta property=\"og:title\" content=\"History - ITECA SOCADEI\" \/>\n<meta property=\"og:description\" content=\"[vc_row full_width=&#8221;stretch_row&#8221; gap=&#8221;30&#8243; content_placement=&#8221;middle&#8221;][vc_column][vc_column_text css_animation=&#8221;top-to-bottom&#8221;] Origins [\/vc_column_text][vc_column_text css_animation=&#8221;right-to-left&#8221; css=&#8221;.vc_custom_1637753969863{margin-left: 50px !important;}&#8221;] A unique industrial group [\/vc_column_text][\/vc_column][\/vc_row][vc_row full_width=&#8221;stretch_row&#8221; gap=&#8221;30&#8243; content_placement=&#8221;middle&#8221; css=&#8221;.vc_custom_1635279074751{margin-top:...\" \/>\n<meta property=\"og:url\" content=\"https:\/\/www.iteca.fr\/en\/our-company\/history\/\" \/>\n<meta property=\"og:site_name\" content=\"ITECA SOCADEI\" \/>\n<meta property=\"article:modified_time\" content=\"2023-06-05T08:11:20+00:00\" \/>\n<meta name=\"twitter:card\" content=\"summary_large_image\" \/>\n<meta name=\"twitter:label1\" content=\"Est. reading time\" \/>\n\t<meta name=\"twitter:data1\" content=\"1 minute\" \/>\n<script type=\"application\/ld+json\" class=\"yoast-schema-graph\">{\"@context\":\"https:\/\/schema.org\",\"@graph\":[{\"@type\":\"WebPage\",\"@id\":\"https:\/\/www.iteca.fr\/en\/our-company\/history\/\",\"url\":\"https:\/\/www.iteca.fr\/en\/our-company\/history\/\",\"name\":\"History - ITECA SOCADEI\",\"isPartOf\":{\"@id\":\"https:\/\/www.iteca.fr\/fr\/#website\"},\"datePublished\":\"2021-11-01T16:18:24+00:00\",\"dateModified\":\"2023-06-05T08:11:20+00:00\",\"breadcrumb\":{\"@id\":\"https:\/\/www.iteca.fr\/en\/our-company\/history\/#breadcrumb\"},\"inLanguage\":\"en-US\",\"potentialAction\":[{\"@type\":\"ReadAction\",\"target\":[\"https:\/\/www.iteca.fr\/en\/our-company\/history\/\"]}]},{\"@type\":\"BreadcrumbList\",\"@id\":\"https:\/\/www.iteca.fr\/en\/our-company\/history\/#breadcrumb\",\"itemListElement\":[{\"@type\":\"ListItem\",\"position\":1,\"name\":\"Accueil\",\"item\":\"https:\/\/www.iteca.fr\/fr\/\"},{\"@type\":\"ListItem\",\"position\":2,\"name\":\"Our Company\",\"item\":\"https:\/\/www.iteca.fr\/en\/our-company\/\"},{\"@type\":\"ListItem\",\"position\":3,\"name\":\"History\"}]},{\"@type\":\"WebSite\",\"@id\":\"https:\/\/www.iteca.fr\/fr\/#website\",\"url\":\"https:\/\/www.iteca.fr\/fr\/\",\"name\":\"ITECA SOCADEI\",\"description\":\"Vos process, nos solutions\",\"potentialAction\":[{\"@type\":\"SearchAction\",\"target\":{\"@type\":\"EntryPoint\",\"urlTemplate\":\"https:\/\/www.iteca.fr\/fr\/?s={search_term_string}\"},\"query-input\":{\"@type\":\"PropertyValueSpecification\",\"valueRequired\":true,\"valueName\":\"search_term_string\"}}],\"inLanguage\":\"en-US\"}]}<\/script>\n<!-- \/ Yoast SEO plugin. -->","yoast_head_json":{"title":"History - ITECA SOCADEI","robots":{"index":"index","follow":"follow","max-snippet":"max-snippet:-1","max-image-preview":"max-image-preview:large","max-video-preview":"max-video-preview:-1"},"canonical":"https:\/\/www.iteca.fr\/en\/our-company\/history\/","og_locale":"en_US","og_type":"article","og_title":"History - ITECA SOCADEI","og_description":"[vc_row full_width=&#8221;stretch_row&#8221; gap=&#8221;30&#8243; content_placement=&#8221;middle&#8221;][vc_column][vc_column_text css_animation=&#8221;top-to-bottom&#8221;] Origins [\/vc_column_text][vc_column_text css_animation=&#8221;right-to-left&#8221; css=&#8221;.vc_custom_1637753969863{margin-left: 50px !important;}&#8221;] A unique industrial group [\/vc_column_text][\/vc_column][\/vc_row][vc_row full_width=&#8221;stretch_row&#8221; gap=&#8221;30&#8243; content_placement=&#8221;middle&#8221; css=&#8221;.vc_custom_1635279074751{margin-top:...","og_url":"https:\/\/www.iteca.fr\/en\/our-company\/history\/","og_site_name":"ITECA SOCADEI","article_modified_time":"2023-06-05T08:11:20+00:00","twitter_card":"summary_large_image","twitter_misc":{"Est. reading time":"1 minute"},"schema":{"@context":"https:\/\/schema.org","@graph":[{"@type":"WebPage","@id":"https:\/\/www.iteca.fr\/en\/our-company\/history\/","url":"https:\/\/www.iteca.fr\/en\/our-company\/history\/","name":"History - ITECA SOCADEI","isPartOf":{"@id":"https:\/\/www.iteca.fr\/fr\/#website"},"datePublished":"2021-11-01T16:18:24+00:00","dateModified":"2023-06-05T08:11:20+00:00","breadcrumb":{"@id":"https:\/\/www.iteca.fr\/en\/our-company\/history\/#breadcrumb"},"inLanguage":"en-US","potentialAction":[{"@type":"ReadAction","target":["https:\/\/www.iteca.fr\/en\/our-company\/history\/"]}]},{"@type":"BreadcrumbList","@id":"https:\/\/www.iteca.fr\/en\/our-company\/history\/#breadcrumb","itemListElement":[{"@type":"ListItem","position":1,"name":"Accueil","item":"https:\/\/www.iteca.fr\/fr\/"},{"@type":"ListItem","position":2,"name":"Our Company","item":"https:\/\/www.iteca.fr\/en\/our-company\/"},{"@type":"ListItem","position":3,"name":"History"}]},{"@type":"WebSite","@id":"https:\/\/www.iteca.fr\/fr\/#website","url":"https:\/\/www.iteca.fr\/fr\/","name":"ITECA SOCADEI","description":"Vos process, nos solutions","potentialAction":[{"@type":"SearchAction","target":{"@type":"EntryPoint","urlTemplate":"https:\/\/www.iteca.fr\/fr\/?s={search_term_string}"},"query-input":{"@type":"PropertyValueSpecification","valueRequired":true,"valueName":"search_term_string"}}],"inLanguage":"en-US"}]}},"publishpress_future_workflow_manual_trigger":{"enabledWorkflows":[]},"_links":{"self":[{"href":"https:\/\/www.iteca.fr\/en\/wp-json\/wp\/v2\/pages\/25617","targetHints":{"allow":["GET"]}}],"collection":[{"href":"https:\/\/www.iteca.fr\/en\/wp-json\/wp\/v2\/pages"}],"about":[{"href":"https:\/\/www.iteca.fr\/en\/wp-json\/wp\/v2\/types\/page"}],"author":[{"embeddable":true,"href":"https:\/\/www.iteca.fr\/en\/wp-json\/wp\/v2\/users\/2"}],"replies":[{"embeddable":true,"href":"https:\/\/www.iteca.fr\/en\/wp-json\/wp\/v2\/comments?post=25617"}],"version-history":[{"count":8,"href":"https:\/\/www.iteca.fr\/en\/wp-json\/wp\/v2\/pages\/25617\/revisions"}],"predecessor-version":[{"id":26625,"href":"https:\/\/www.iteca.fr\/en\/wp-json\/wp\/v2\/pages\/25617\/revisions\/26625"}],"up":[{"embeddable":true,"href":"https:\/\/www.iteca.fr\/en\/wp-json\/wp\/v2\/pages\/25448"}],"wp:attachment":[{"href":"https:\/\/www.iteca.fr\/en\/wp-json\/wp\/v2\/media?parent=25617"}],"curies":[{"name":"wp","href":"https:\/\/api.w.org\/{rel}","templated":true}]}}